{"id":88136,"date":"2025-07-10T14:31:14","date_gmt":"2025-07-10T12:31:14","guid":{"rendered":"https:\/\/www.swiss-aquatics.ch\/?page_id=88136"},"modified":"2026-03-03T17:17:22","modified_gmt":"2026-03-03T16:17:22","slug":"88136-2","status":"publish","type":"page","link":"https:\/\/www.swiss-aquatics.ch\/fr\/sport-delite\/diving\/evenements-resultats\/evenements\/88136-2\/","title":{"rendered":"Cham\u00adpion\u00adnat Suisse d\u2019hi\u00adver de la rel\u00e8ve"},"content":{"rendered":"","protected":false},"excerpt":{"rendered":"","protected":false},"author":280,"featured_media":0,"parent":88692,"menu_order":25,"comment_status":"closed","ping_status":"closed","template":"","meta":{"_acf_changed":false,"wp_typography_post_enhancements_disabled":false,"footnotes":""},"class_list":["post-88136","page","type-page","status-publish","hentry"],"acf":[],"yoast_head":"<!-- This site is optimized with the Yoast SEO plugin v27.3 - https:\/\/yoast.com\/product\/yoast-seo-wordpress\/ -->\n<title>Championnat Suisse d&#039;hiver de la rel\u00e8ve - Swiss Aquatics<\/title>\n<meta name=\"robots\" content=\"index, follow, max-snippet:-1, max-image-preview:large, max-video-preview:-1\" \/>\n<link rel=\"canonical\" href=\"https:\/\/www.swiss-aquatics.ch\/fr\/sport-delite\/diving\/evenements-resultats\/evenements\/88136-2\/\" \/>\n<meta property=\"og:locale\" content=\"fr_FR\" \/>\n<meta property=\"og:type\" content=\"article\" \/>\n<meta property=\"og:title\" content=\"Championnat Suisse d&#039;hiver de la rel\u00e8ve - Swiss Aquatics\" \/>\n<meta property=\"og:url\" content=\"https:\/\/www.swiss-aquatics.ch\/fr\/sport-delite\/diving\/evenements-resultats\/evenements\/88136-2\/\" \/>\n<meta property=\"og:site_name\" content=\"Swiss Aquatics\" \/>\n<meta property=\"article:modified_time\" content=\"2026-03-03T16:17:22+00:00\" \/>\n<meta name=\"twitter:card\" content=\"summary_large_image\" \/>\n<meta name=\"twitter:label1\" content=\"Dur\u00e9e de lecture estim\u00e9e\" \/>\n\t<meta name=\"twitter:data1\" content=\"1 minute\" \/>\n<script type=\"application\/ld+json\" class=\"yoast-schema-graph\">{\"@context\":\"https:\\\/\\\/schema.org\",\"@graph\":[{\"@type\":\"WebPage\",\"@id\":\"https:\\\/\\\/www.swiss-aquatics.ch\\\/fr\\\/sport-delite\\\/diving\\\/evenements-resultats\\\/evenements\\\/88136-2\\\/\",\"url\":\"https:\\\/\\\/www.swiss-aquatics.ch\\\/fr\\\/sport-delite\\\/diving\\\/evenements-resultats\\\/evenements\\\/88136-2\\\/\",\"name\":\"Championnat Suisse d'hiver de la rel\u00e8ve - Swiss Aquatics\",\"isPartOf\":{\"@id\":\"https:\\\/\\\/www.swiss-aquatics.ch\\\/fr\\\/#website\"},\"datePublished\":\"2025-07-10T12:31:14+00:00\",\"dateModified\":\"2026-03-03T16:17:22+00:00\",\"breadcrumb\":{\"@id\":\"https:\\\/\\\/www.swiss-aquatics.ch\\\/fr\\\/sport-delite\\\/diving\\\/evenements-resultats\\\/evenements\\\/88136-2\\\/#breadcrumb\"},\"inLanguage\":\"fr-FR\",\"potentialAction\":[{\"@type\":\"ReadAction\",\"target\":[\"https:\\\/\\\/www.swiss-aquatics.ch\\\/fr\\\/sport-delite\\\/diving\\\/evenements-resultats\\\/evenements\\\/88136-2\\\/\"]}]},{\"@type\":\"BreadcrumbList\",\"@id\":\"https:\\\/\\\/www.swiss-aquatics.ch\\\/fr\\\/sport-delite\\\/diving\\\/evenements-resultats\\\/evenements\\\/88136-2\\\/#breadcrumb\",\"itemListElement\":[{\"@type\":\"ListItem\",\"position\":1,\"name\":\"Page d'accueil\",\"item\":\"https:\\\/\\\/www.swiss-aquatics.ch\\\/fr\\\/\"},{\"@type\":\"ListItem\",\"position\":2,\"name\":\"Sport de performance\",\"item\":\"https:\\\/\\\/www.swiss-aquatics.ch\\\/fr\\\/sport-delite\\\/\"},{\"@type\":\"ListItem\",\"position\":3,\"name\":\"Diving\",\"item\":\"https:\\\/\\\/www.swiss-aquatics.ch\\\/fr\\\/sport-delite\\\/diving\\\/\"},{\"@type\":\"ListItem\",\"position\":4,\"name\":\"\u00c9v\u00e9nements | R\u00e9sultats\",\"item\":\"https:\\\/\\\/www.swiss-aquatics.ch\\\/fr\\\/sport-delite\\\/diving\\\/evenements-resultats\\\/\"},{\"@type\":\"ListItem\",\"position\":5,\"name\":\"\u00c9v\u00e9nements\",\"item\":\"https:\\\/\\\/www.swiss-aquatics.ch\\\/fr\\\/sport-delite\\\/diving\\\/evenements-resultats\\\/evenements\\\/\"},{\"@type\":\"ListItem\",\"position\":6,\"name\":\"Championnat Suisse d&#8217;hiver de la rel\u00e8ve\"}]},{\"@type\":\"WebSite\",\"@id\":\"https:\\\/\\\/www.swiss-aquatics.ch\\\/fr\\\/#website\",\"url\":\"https:\\\/\\\/www.swiss-aquatics.ch\\\/fr\\\/\",\"name\":\"Swiss Aquatics\",\"description\":\"\",\"publisher\":{\"@id\":\"https:\\\/\\\/www.swiss-aquatics.ch\\\/fr\\\/#organization\"},\"potentialAction\":[{\"@type\":\"SearchAction\",\"target\":{\"@type\":\"EntryPoint\",\"urlTemplate\":\"https:\\\/\\\/www.swiss-aquatics.ch\\\/fr\\\/?s={search_term_string}\"},\"query-input\":{\"@type\":\"PropertyValueSpecification\",\"valueRequired\":true,\"valueName\":\"search_term_string\"}}],\"inLanguage\":\"fr-FR\"},{\"@type\":\"Organization\",\"@id\":\"https:\\\/\\\/www.swiss-aquatics.ch\\\/fr\\\/#organization\",\"name\":\"Swiss Aquatics\",\"url\":\"https:\\\/\\\/www.swiss-aquatics.ch\\\/fr\\\/\",\"logo\":{\"@type\":\"ImageObject\",\"inLanguage\":\"fr-FR\",\"@id\":\"https:\\\/\\\/www.swiss-aquatics.ch\\\/fr\\\/#\\\/schema\\\/logo\\\/image\\\/\",\"url\":\"https:\\\/\\\/www.swiss-aquatics.ch\\\/wp-content\\\/uploads\\\/2020\\\/12\\\/logo.png\",\"contentUrl\":\"https:\\\/\\\/www.swiss-aquatics.ch\\\/wp-content\\\/uploads\\\/2020\\\/12\\\/logo.png\",\"width\":580,\"height\":58,\"caption\":\"Swiss Aquatics\"},\"image\":{\"@id\":\"https:\\\/\\\/www.swiss-aquatics.ch\\\/fr\\\/#\\\/schema\\\/logo\\\/image\\\/\"}}]}<\/script>\n<!-- \/ Yoast SEO plugin. -->","yoast_head_json":{"title":"Championnat Suisse d'hiver de la rel\u00e8ve - Swiss Aquatics","robots":{"index":"index","follow":"follow","max-snippet":"max-snippet:-1","max-image-preview":"max-image-preview:large","max-video-preview":"max-video-preview:-1"},"canonical":"https:\/\/www.swiss-aquatics.ch\/fr\/sport-delite\/diving\/evenements-resultats\/evenements\/88136-2\/","og_locale":"fr_FR","og_type":"article","og_title":"Championnat Suisse d'hiver de la rel\u00e8ve - Swiss Aquatics","og_url":"https:\/\/www.swiss-aquatics.ch\/fr\/sport-delite\/diving\/evenements-resultats\/evenements\/88136-2\/","og_site_name":"Swiss Aquatics","article_modified_time":"2026-03-03T16:17:22+00:00","twitter_card":"summary_large_image","twitter_misc":{"Dur\u00e9e de lecture estim\u00e9e":"1 minute"},"schema":{"@context":"https:\/\/schema.org","@graph":[{"@type":"WebPage","@id":"https:\/\/www.swiss-aquatics.ch\/fr\/sport-delite\/diving\/evenements-resultats\/evenements\/88136-2\/","url":"https:\/\/www.swiss-aquatics.ch\/fr\/sport-delite\/diving\/evenements-resultats\/evenements\/88136-2\/","name":"Championnat Suisse d'hiver de la rel\u00e8ve - Swiss Aquatics","isPartOf":{"@id":"https:\/\/www.swiss-aquatics.ch\/fr\/#website"},"datePublished":"2025-07-10T12:31:14+00:00","dateModified":"2026-03-03T16:17:22+00:00","breadcrumb":{"@id":"https:\/\/www.swiss-aquatics.ch\/fr\/sport-delite\/diving\/evenements-resultats\/evenements\/88136-2\/#breadcrumb"},"inLanguage":"fr-FR","potentialAction":[{"@type":"ReadAction","target":["https:\/\/www.swiss-aquatics.ch\/fr\/sport-delite\/diving\/evenements-resultats\/evenements\/88136-2\/"]}]},{"@type":"BreadcrumbList","@id":"https:\/\/www.swiss-aquatics.ch\/fr\/sport-delite\/diving\/evenements-resultats\/evenements\/88136-2\/#breadcrumb","itemListElement":[{"@type":"ListItem","position":1,"name":"Page d'accueil","item":"https:\/\/www.swiss-aquatics.ch\/fr\/"},{"@type":"ListItem","position":2,"name":"Sport de performance","item":"https:\/\/www.swiss-aquatics.ch\/fr\/sport-delite\/"},{"@type":"ListItem","position":3,"name":"Diving","item":"https:\/\/www.swiss-aquatics.ch\/fr\/sport-delite\/diving\/"},{"@type":"ListItem","position":4,"name":"\u00c9v\u00e9nements | R\u00e9sultats","item":"https:\/\/www.swiss-aquatics.ch\/fr\/sport-delite\/diving\/evenements-resultats\/"},{"@type":"ListItem","position":5,"name":"\u00c9v\u00e9nements","item":"https:\/\/www.swiss-aquatics.ch\/fr\/sport-delite\/diving\/evenements-resultats\/evenements\/"},{"@type":"ListItem","position":6,"name":"Championnat Suisse d&#8217;hiver de la rel\u00e8ve"}]},{"@type":"WebSite","@id":"https:\/\/www.swiss-aquatics.ch\/fr\/#website","url":"https:\/\/www.swiss-aquatics.ch\/fr\/","name":"Swiss Aquatics","description":"","publisher":{"@id":"https:\/\/www.swiss-aquatics.ch\/fr\/#organization"},"potentialAction":[{"@type":"SearchAction","target":{"@type":"EntryPoint","urlTemplate":"https:\/\/www.swiss-aquatics.ch\/fr\/?s={search_term_string}"},"query-input":{"@type":"PropertyValueSpecification","valueRequired":true,"valueName":"search_term_string"}}],"inLanguage":"fr-FR"},{"@type":"Organization","@id":"https:\/\/www.swiss-aquatics.ch\/fr\/#organization","name":"Swiss Aquatics","url":"https:\/\/www.swiss-aquatics.ch\/fr\/","logo":{"@type":"ImageObject","inLanguage":"fr-FR","@id":"https:\/\/www.swiss-aquatics.ch\/fr\/#\/schema\/logo\/image\/","url":"https:\/\/www.swiss-aquatics.ch\/wp-content\/uploads\/2020\/12\/logo.png","contentUrl":"https:\/\/www.swiss-aquatics.ch\/wp-content\/uploads\/2020\/12\/logo.png","width":580,"height":58,"caption":"Swiss Aquatics"},"image":{"@id":"https:\/\/www.swiss-aquatics.ch\/fr\/#\/schema\/logo\/image\/"}}]}},"_links":{"self":[{"href":"https:\/\/www.swiss-aquatics.ch\/fr\/wp-json\/wp\/v2\/pages\/88136","targetHints":{"allow":["GET"]}}],"collection":[{"href":"https:\/\/www.swiss-aquatics.ch\/fr\/wp-json\/wp\/v2\/pages"}],"about":[{"href":"https:\/\/www.swiss-aquatics.ch\/fr\/wp-json\/wp\/v2\/types\/page"}],"author":[{"embeddable":true,"href":"https:\/\/www.swiss-aquatics.ch\/fr\/wp-json\/wp\/v2\/users\/280"}],"replies":[{"embeddable":true,"href":"https:\/\/www.swiss-aquatics.ch\/fr\/wp-json\/wp\/v2\/comments?post=88136"}],"version-history":[{"count":9,"href":"https:\/\/www.swiss-aquatics.ch\/fr\/wp-json\/wp\/v2\/pages\/88136\/revisions"}],"predecessor-version":[{"id":97914,"href":"https:\/\/www.swiss-aquatics.ch\/fr\/wp-json\/wp\/v2\/pages\/88136\/revisions\/97914"}],"up":[{"embeddable":true,"href":"https:\/\/www.swiss-aquatics.ch\/fr\/wp-json\/wp\/v2\/pages\/88692"}],"wp:attachment":[{"href":"https:\/\/www.swiss-aquatics.ch\/fr\/wp-json\/wp\/v2\/media?parent=88136"}],"curies":[{"name":"wp","href":"https:\/\/api.w.org\/{rel}","templated":true}]}}