{"id":88692,"date":"2025-07-16T17:11:35","date_gmt":"2025-07-16T15:11:35","guid":{"rendered":"https:\/\/www.swiss-aquatics.ch\/?page_id=88692"},"modified":"2026-04-13T08:50:28","modified_gmt":"2026-04-13T06:50:28","slug":"evenements","status":"publish","type":"page","link":"https:\/\/www.swiss-aquatics.ch\/fr\/sport-delite\/diving\/evenements-resultats\/evenements\/","title":{"rendered":"\u00c9v\u00e9nements"},"content":{"rendered":"","protected":false},"excerpt":{"rendered":"","protected":false},"author":280,"featured_media":83299,"parent":86434,"menu_order":23,"comment_status":"closed","ping_status":"closed","template":"","meta":{"_acf_changed":false,"footnotes":""},"class_list":["post-88692","page","type-page","status-publish","has-post-thumbnail","hentry"],"acf":[],"yoast_head":"<!-- This site is optimized with the Yoast SEO plugin v27.4 - https:\/\/yoast.com\/product\/yoast-seo-wordpress\/ -->\n<title>\u00c9v\u00e9nements - Swiss Aquatics<\/title>\n<meta name=\"robots\" content=\"index, follow, max-snippet:-1, max-image-preview:large, max-video-preview:-1\" \/>\n<link rel=\"canonical\" href=\"https:\/\/www.swiss-aquatics.ch\/fr\/sport-delite\/diving\/evenements-resultats\/evenements\/\" \/>\n<meta property=\"og:locale\" content=\"fr_FR\" \/>\n<meta property=\"og:type\" content=\"article\" \/>\n<meta property=\"og:title\" content=\"\u00c9v\u00e9nements - Swiss Aquatics\" \/>\n<meta property=\"og:url\" content=\"https:\/\/www.swiss-aquatics.ch\/fr\/sport-delite\/diving\/evenements-resultats\/evenements\/\" \/>\n<meta property=\"og:site_name\" content=\"Swiss Aquatics\" \/>\n<meta property=\"article:modified_time\" content=\"2026-04-13T06:50:28+00:00\" \/>\n<meta property=\"og:image\" content=\"https:\/\/www.swiss-aquatics.ch\/wp-content\/uploads\/2025\/04\/Women-3m-Springboard-_-Final-_-Day-4-_-Diving-World-Cup-2025-Stop-2-_-Windsor_Medium-Res-Image_m113462.jpg\" \/>\n\t<meta property=\"og:image:width\" content=\"2160\" \/>\n\t<meta property=\"og:image:height\" content=\"1440\" \/>\n\t<meta property=\"og:image:type\" content=\"image\/jpeg\" \/>\n<meta name=\"twitter:card\" content=\"summary_large_image\" \/>\n<meta name=\"twitter:label1\" content=\"Dur\u00e9e de lecture estim\u00e9e\" \/>\n\t<meta name=\"twitter:data1\" content=\"2 minutes\" \/>\n<script type=\"application\/ld+json\" class=\"yoast-schema-graph\">{\"@context\":\"https:\\\/\\\/schema.org\",\"@graph\":[{\"@type\":\"WebPage\",\"@id\":\"https:\\\/\\\/www.swiss-aquatics.ch\\\/fr\\\/sport-delite\\\/diving\\\/evenements-resultats\\\/evenements\\\/\",\"url\":\"https:\\\/\\\/www.swiss-aquatics.ch\\\/fr\\\/sport-delite\\\/diving\\\/evenements-resultats\\\/evenements\\\/\",\"name\":\"\u00c9v\u00e9nements - Swiss Aquatics\",\"isPartOf\":{\"@id\":\"https:\\\/\\\/www.swiss-aquatics.ch\\\/fr\\\/#website\"},\"primaryImageOfPage\":{\"@id\":\"https:\\\/\\\/www.swiss-aquatics.ch\\\/fr\\\/sport-delite\\\/diving\\\/evenements-resultats\\\/evenements\\\/#primaryimage\"},\"image\":{\"@id\":\"https:\\\/\\\/www.swiss-aquatics.ch\\\/fr\\\/sport-delite\\\/diving\\\/evenements-resultats\\\/evenements\\\/#primaryimage\"},\"thumbnailUrl\":\"https:\\\/\\\/www.swiss-aquatics.ch\\\/wp-content\\\/uploads\\\/2025\\\/04\\\/Women-3m-Springboard-_-Final-_-Day-4-_-Diving-World-Cup-2025-Stop-2-_-Windsor_Medium-Res-Image_m113462.jpg\",\"datePublished\":\"2025-07-16T15:11:35+00:00\",\"dateModified\":\"2026-04-13T06:50:28+00:00\",\"breadcrumb\":{\"@id\":\"https:\\\/\\\/www.swiss-aquatics.ch\\\/fr\\\/sport-delite\\\/diving\\\/evenements-resultats\\\/evenements\\\/#breadcrumb\"},\"inLanguage\":\"fr-FR\",\"potentialAction\":[{\"@type\":\"ReadAction\",\"target\":[\"https:\\\/\\\/www.swiss-aquatics.ch\\\/fr\\\/sport-delite\\\/diving\\\/evenements-resultats\\\/evenements\\\/\"]}]},{\"@type\":\"ImageObject\",\"inLanguage\":\"fr-FR\",\"@id\":\"https:\\\/\\\/www.swiss-aquatics.ch\\\/fr\\\/sport-delite\\\/diving\\\/evenements-resultats\\\/evenements\\\/#primaryimage\",\"url\":\"https:\\\/\\\/www.swiss-aquatics.ch\\\/wp-content\\\/uploads\\\/2025\\\/04\\\/Women-3m-Springboard-_-Final-_-Day-4-_-Diving-World-Cup-2025-Stop-2-_-Windsor_Medium-Res-Image_m113462.jpg\",\"contentUrl\":\"https:\\\/\\\/www.swiss-aquatics.ch\\\/wp-content\\\/uploads\\\/2025\\\/04\\\/Women-3m-Springboard-_-Final-_-Day-4-_-Diving-World-Cup-2025-Stop-2-_-Windsor_Medium-Res-Image_m113462.jpg\",\"width\":2160,\"height\":1440,\"caption\":\"Michelle Heimberg, World Aquatics Diving World Cup, Stop 2, Windsor (CAN) (Photo by Antoine Saito\\\/World Aquatics)\"},{\"@type\":\"BreadcrumbList\",\"@id\":\"https:\\\/\\\/www.swiss-aquatics.ch\\\/fr\\\/sport-delite\\\/diving\\\/evenements-resultats\\\/evenements\\\/#breadcrumb\",\"itemListElement\":[{\"@type\":\"ListItem\",\"position\":1,\"name\":\"Page d'accueil\",\"item\":\"https:\\\/\\\/www.swiss-aquatics.ch\\\/fr\\\/page-daccueil\\\/\"},{\"@type\":\"ListItem\",\"position\":2,\"name\":\"Sport de performance\",\"item\":\"https:\\\/\\\/www.swiss-aquatics.ch\\\/fr\\\/sport-delite\\\/\"},{\"@type\":\"ListItem\",\"position\":3,\"name\":\"Diving\",\"item\":\"https:\\\/\\\/www.swiss-aquatics.ch\\\/fr\\\/sport-delite\\\/diving\\\/\"},{\"@type\":\"ListItem\",\"position\":4,\"name\":\"\u00c9v\u00e9nements | R\u00e9sultats\",\"item\":\"https:\\\/\\\/www.swiss-aquatics.ch\\\/fr\\\/sport-delite\\\/diving\\\/evenements-resultats\\\/\"},{\"@type\":\"ListItem\",\"position\":5,\"name\":\"\u00c9v\u00e9nements\"}]},{\"@type\":\"WebSite\",\"@id\":\"https:\\\/\\\/www.swiss-aquatics.ch\\\/fr\\\/#website\",\"url\":\"https:\\\/\\\/www.swiss-aquatics.ch\\\/fr\\\/\",\"name\":\"Swiss Aquatics\",\"description\":\"\",\"publisher\":{\"@id\":\"https:\\\/\\\/www.swiss-aquatics.ch\\\/fr\\\/#organization\"},\"potentialAction\":[{\"@type\":\"SearchAction\",\"target\":{\"@type\":\"EntryPoint\",\"urlTemplate\":\"https:\\\/\\\/www.swiss-aquatics.ch\\\/fr\\\/?s={search_term_string}\"},\"query-input\":{\"@type\":\"PropertyValueSpecification\",\"valueRequired\":true,\"valueName\":\"search_term_string\"}}],\"inLanguage\":\"fr-FR\"},{\"@type\":\"Organization\",\"@id\":\"https:\\\/\\\/www.swiss-aquatics.ch\\\/fr\\\/#organization\",\"name\":\"Swiss Aquatics\",\"url\":\"https:\\\/\\\/www.swiss-aquatics.ch\\\/fr\\\/\",\"logo\":{\"@type\":\"ImageObject\",\"inLanguage\":\"fr-FR\",\"@id\":\"https:\\\/\\\/www.swiss-aquatics.ch\\\/fr\\\/#\\\/schema\\\/logo\\\/image\\\/\",\"url\":\"https:\\\/\\\/www.swiss-aquatics.ch\\\/wp-content\\\/uploads\\\/2020\\\/12\\\/logo.png\",\"contentUrl\":\"https:\\\/\\\/www.swiss-aquatics.ch\\\/wp-content\\\/uploads\\\/2020\\\/12\\\/logo.png\",\"width\":580,\"height\":58,\"caption\":\"Swiss Aquatics\"},\"image\":{\"@id\":\"https:\\\/\\\/www.swiss-aquatics.ch\\\/fr\\\/#\\\/schema\\\/logo\\\/image\\\/\"}}]}<\/script>\n<!-- \/ Yoast SEO plugin. -->","yoast_head_json":{"title":"\u00c9v\u00e9nements - Swiss Aquatics","robots":{"index":"index","follow":"follow","max-snippet":"max-snippet:-1","max-image-preview":"max-image-preview:large","max-video-preview":"max-video-preview:-1"},"canonical":"https:\/\/www.swiss-aquatics.ch\/fr\/sport-delite\/diving\/evenements-resultats\/evenements\/","og_locale":"fr_FR","og_type":"article","og_title":"\u00c9v\u00e9nements - Swiss Aquatics","og_url":"https:\/\/www.swiss-aquatics.ch\/fr\/sport-delite\/diving\/evenements-resultats\/evenements\/","og_site_name":"Swiss Aquatics","article_modified_time":"2026-04-13T06:50:28+00:00","og_image":[{"width":2160,"height":1440,"url":"https:\/\/www.swiss-aquatics.ch\/wp-content\/uploads\/2025\/04\/Women-3m-Springboard-_-Final-_-Day-4-_-Diving-World-Cup-2025-Stop-2-_-Windsor_Medium-Res-Image_m113462.jpg","type":"image\/jpeg"}],"twitter_card":"summary_large_image","twitter_misc":{"Dur\u00e9e de lecture estim\u00e9e":"2 minutes"},"schema":{"@context":"https:\/\/schema.org","@graph":[{"@type":"WebPage","@id":"https:\/\/www.swiss-aquatics.ch\/fr\/sport-delite\/diving\/evenements-resultats\/evenements\/","url":"https:\/\/www.swiss-aquatics.ch\/fr\/sport-delite\/diving\/evenements-resultats\/evenements\/","name":"\u00c9v\u00e9nements - Swiss Aquatics","isPartOf":{"@id":"https:\/\/www.swiss-aquatics.ch\/fr\/#website"},"primaryImageOfPage":{"@id":"https:\/\/www.swiss-aquatics.ch\/fr\/sport-delite\/diving\/evenements-resultats\/evenements\/#primaryimage"},"image":{"@id":"https:\/\/www.swiss-aquatics.ch\/fr\/sport-delite\/diving\/evenements-resultats\/evenements\/#primaryimage"},"thumbnailUrl":"https:\/\/www.swiss-aquatics.ch\/wp-content\/uploads\/2025\/04\/Women-3m-Springboard-_-Final-_-Day-4-_-Diving-World-Cup-2025-Stop-2-_-Windsor_Medium-Res-Image_m113462.jpg","datePublished":"2025-07-16T15:11:35+00:00","dateModified":"2026-04-13T06:50:28+00:00","breadcrumb":{"@id":"https:\/\/www.swiss-aquatics.ch\/fr\/sport-delite\/diving\/evenements-resultats\/evenements\/#breadcrumb"},"inLanguage":"fr-FR","potentialAction":[{"@type":"ReadAction","target":["https:\/\/www.swiss-aquatics.ch\/fr\/sport-delite\/diving\/evenements-resultats\/evenements\/"]}]},{"@type":"ImageObject","inLanguage":"fr-FR","@id":"https:\/\/www.swiss-aquatics.ch\/fr\/sport-delite\/diving\/evenements-resultats\/evenements\/#primaryimage","url":"https:\/\/www.swiss-aquatics.ch\/wp-content\/uploads\/2025\/04\/Women-3m-Springboard-_-Final-_-Day-4-_-Diving-World-Cup-2025-Stop-2-_-Windsor_Medium-Res-Image_m113462.jpg","contentUrl":"https:\/\/www.swiss-aquatics.ch\/wp-content\/uploads\/2025\/04\/Women-3m-Springboard-_-Final-_-Day-4-_-Diving-World-Cup-2025-Stop-2-_-Windsor_Medium-Res-Image_m113462.jpg","width":2160,"height":1440,"caption":"Michelle Heimberg, World Aquatics Diving World Cup, Stop 2, Windsor (CAN) (Photo by Antoine Saito\/World Aquatics)"},{"@type":"BreadcrumbList","@id":"https:\/\/www.swiss-aquatics.ch\/fr\/sport-delite\/diving\/evenements-resultats\/evenements\/#breadcrumb","itemListElement":[{"@type":"ListItem","position":1,"name":"Page d'accueil","item":"https:\/\/www.swiss-aquatics.ch\/fr\/page-daccueil\/"},{"@type":"ListItem","position":2,"name":"Sport de performance","item":"https:\/\/www.swiss-aquatics.ch\/fr\/sport-delite\/"},{"@type":"ListItem","position":3,"name":"Diving","item":"https:\/\/www.swiss-aquatics.ch\/fr\/sport-delite\/diving\/"},{"@type":"ListItem","position":4,"name":"\u00c9v\u00e9nements | R\u00e9sultats","item":"https:\/\/www.swiss-aquatics.ch\/fr\/sport-delite\/diving\/evenements-resultats\/"},{"@type":"ListItem","position":5,"name":"\u00c9v\u00e9nements"}]},{"@type":"WebSite","@id":"https:\/\/www.swiss-aquatics.ch\/fr\/#website","url":"https:\/\/www.swiss-aquatics.ch\/fr\/","name":"Swiss Aquatics","description":"","publisher":{"@id":"https:\/\/www.swiss-aquatics.ch\/fr\/#organization"},"potentialAction":[{"@type":"SearchAction","target":{"@type":"EntryPoint","urlTemplate":"https:\/\/www.swiss-aquatics.ch\/fr\/?s={search_term_string}"},"query-input":{"@type":"PropertyValueSpecification","valueRequired":true,"valueName":"search_term_string"}}],"inLanguage":"fr-FR"},{"@type":"Organization","@id":"https:\/\/www.swiss-aquatics.ch\/fr\/#organization","name":"Swiss Aquatics","url":"https:\/\/www.swiss-aquatics.ch\/fr\/","logo":{"@type":"ImageObject","inLanguage":"fr-FR","@id":"https:\/\/www.swiss-aquatics.ch\/fr\/#\/schema\/logo\/image\/","url":"https:\/\/www.swiss-aquatics.ch\/wp-content\/uploads\/2020\/12\/logo.png","contentUrl":"https:\/\/www.swiss-aquatics.ch\/wp-content\/uploads\/2020\/12\/logo.png","width":580,"height":58,"caption":"Swiss Aquatics"},"image":{"@id":"https:\/\/www.swiss-aquatics.ch\/fr\/#\/schema\/logo\/image\/"}}]}},"_links":{"self":[{"href":"https:\/\/www.swiss-aquatics.ch\/fr\/wp-json\/wp\/v2\/pages\/88692","targetHints":{"allow":["GET"]}}],"collection":[{"href":"https:\/\/www.swiss-aquatics.ch\/fr\/wp-json\/wp\/v2\/pages"}],"about":[{"href":"https:\/\/www.swiss-aquatics.ch\/fr\/wp-json\/wp\/v2\/types\/page"}],"author":[{"embeddable":true,"href":"https:\/\/www.swiss-aquatics.ch\/fr\/wp-json\/wp\/v2\/users\/280"}],"replies":[{"embeddable":true,"href":"https:\/\/www.swiss-aquatics.ch\/fr\/wp-json\/wp\/v2\/comments?post=88692"}],"version-history":[{"count":28,"href":"https:\/\/www.swiss-aquatics.ch\/fr\/wp-json\/wp\/v2\/pages\/88692\/revisions"}],"predecessor-version":[{"id":99462,"href":"https:\/\/www.swiss-aquatics.ch\/fr\/wp-json\/wp\/v2\/pages\/88692\/revisions\/99462"}],"up":[{"embeddable":true,"href":"https:\/\/www.swiss-aquatics.ch\/fr\/wp-json\/wp\/v2\/pages\/86434"}],"wp:featuredmedia":[{"embeddable":true,"href":"https:\/\/www.swiss-aquatics.ch\/fr\/wp-json\/wp\/v2\/media\/83299"}],"wp:attachment":[{"href":"https:\/\/www.swiss-aquatics.ch\/fr\/wp-json\/wp\/v2\/media?parent=88692"}],"curies":[{"name":"wp","href":"https:\/\/api.w.org\/{rel}","templated":true}]}}