{"id":88694,"date":"2025-07-16T17:14:18","date_gmt":"2025-07-16T15:14:18","guid":{"rendered":"https:\/\/www.swiss-aquatics.ch\/?page_id=88694"},"modified":"2026-03-23T06:24:54","modified_gmt":"2026-03-23T05:24:54","slug":"resultats","status":"publish","type":"page","link":"https:\/\/www.swiss-aquatics.ch\/fr\/sport-delite\/diving\/evenements-resultats\/resultats\/","title":{"rendered":"R\u00e9sul\u00adtats"},"content":{"rendered":"","protected":false},"excerpt":{"rendered":"","protected":false},"author":280,"featured_media":54516,"parent":86434,"menu_order":30,"comment_status":"closed","ping_status":"closed","template":"","meta":{"_acf_changed":false,"wp_typography_post_enhancements_disabled":false,"footnotes":""},"class_list":["post-88694","page","type-page","status-publish","has-post-thumbnail","hentry"],"acf":[],"yoast_head":"<!-- This site is optimized with the Yoast SEO plugin v27.3 - https:\/\/yoast.com\/product\/yoast-seo-wordpress\/ -->\n<title>R\u00e9sultats - Swiss Aquatics<\/title>\n<meta name=\"robots\" content=\"index, follow, max-snippet:-1, max-image-preview:large, max-video-preview:-1\" \/>\n<link rel=\"canonical\" href=\"https:\/\/www.swiss-aquatics.ch\/fr\/sport-delite\/diving\/evenements-resultats\/resultats\/\" \/>\n<meta property=\"og:locale\" content=\"fr_FR\" \/>\n<meta property=\"og:type\" content=\"article\" \/>\n<meta property=\"og:title\" content=\"R\u00e9sultats - Swiss Aquatics\" \/>\n<meta property=\"og:url\" content=\"https:\/\/www.swiss-aquatics.ch\/fr\/sport-delite\/diving\/evenements-resultats\/resultats\/\" \/>\n<meta property=\"og:site_name\" content=\"Swiss Aquatics\" \/>\n<meta property=\"article:modified_time\" content=\"2026-03-23T05:24:54+00:00\" \/>\n<meta property=\"og:image\" content=\"https:\/\/www.swiss-aquatics.ch\/wp-content\/uploads\/2023\/05\/JP_196873-1-scaled.jpg\" \/>\n\t<meta property=\"og:image:width\" content=\"2560\" \/>\n\t<meta property=\"og:image:height\" content=\"1707\" \/>\n\t<meta property=\"og:image:type\" content=\"image\/jpeg\" \/>\n<meta name=\"twitter:card\" content=\"summary_large_image\" \/>\n<meta name=\"twitter:label1\" content=\"Dur\u00e9e de lecture estim\u00e9e\" \/>\n\t<meta name=\"twitter:data1\" content=\"6 minutes\" \/>\n<script type=\"application\/ld+json\" class=\"yoast-schema-graph\">{\"@context\":\"https:\\\/\\\/schema.org\",\"@graph\":[{\"@type\":\"WebPage\",\"@id\":\"https:\\\/\\\/www.swiss-aquatics.ch\\\/fr\\\/sport-delite\\\/diving\\\/evenements-resultats\\\/resultats\\\/\",\"url\":\"https:\\\/\\\/www.swiss-aquatics.ch\\\/fr\\\/sport-delite\\\/diving\\\/evenements-resultats\\\/resultats\\\/\",\"name\":\"R\u00e9sultats - Swiss Aquatics\",\"isPartOf\":{\"@id\":\"https:\\\/\\\/www.swiss-aquatics.ch\\\/fr\\\/#website\"},\"primaryImageOfPage\":{\"@id\":\"https:\\\/\\\/www.swiss-aquatics.ch\\\/fr\\\/sport-delite\\\/diving\\\/evenements-resultats\\\/resultats\\\/#primaryimage\"},\"image\":{\"@id\":\"https:\\\/\\\/www.swiss-aquatics.ch\\\/fr\\\/sport-delite\\\/diving\\\/evenements-resultats\\\/resultats\\\/#primaryimage\"},\"thumbnailUrl\":\"https:\\\/\\\/www.swiss-aquatics.ch\\\/wp-content\\\/uploads\\\/2023\\\/05\\\/JP_196873-1-scaled.jpg\",\"datePublished\":\"2025-07-16T15:14:18+00:00\",\"dateModified\":\"2026-03-23T05:24:54+00:00\",\"breadcrumb\":{\"@id\":\"https:\\\/\\\/www.swiss-aquatics.ch\\\/fr\\\/sport-delite\\\/diving\\\/evenements-resultats\\\/resultats\\\/#breadcrumb\"},\"inLanguage\":\"fr-FR\",\"potentialAction\":[{\"@type\":\"ReadAction\",\"target\":[\"https:\\\/\\\/www.swiss-aquatics.ch\\\/fr\\\/sport-delite\\\/diving\\\/evenements-resultats\\\/resultats\\\/\"]}]},{\"@type\":\"ImageObject\",\"inLanguage\":\"fr-FR\",\"@id\":\"https:\\\/\\\/www.swiss-aquatics.ch\\\/fr\\\/sport-delite\\\/diving\\\/evenements-resultats\\\/resultats\\\/#primaryimage\",\"url\":\"https:\\\/\\\/www.swiss-aquatics.ch\\\/wp-content\\\/uploads\\\/2023\\\/05\\\/JP_196873-1-scaled.jpg\",\"contentUrl\":\"https:\\\/\\\/www.swiss-aquatics.ch\\\/wp-content\\\/uploads\\\/2023\\\/05\\\/JP_196873-1-scaled.jpg\",\"width\":2560,\"height\":1707,\"caption\":\"27.05.2023, Horgen, Sportbad K\u00e4pfnach, Swiss Cup Final: SC Horgen - SC Kreuzlingen, Swiss Cup medals\"},{\"@type\":\"BreadcrumbList\",\"@id\":\"https:\\\/\\\/www.swiss-aquatics.ch\\\/fr\\\/sport-delite\\\/diving\\\/evenements-resultats\\\/resultats\\\/#breadcrumb\",\"itemListElement\":[{\"@type\":\"ListItem\",\"position\":1,\"name\":\"Page d'accueil\",\"item\":\"https:\\\/\\\/www.swiss-aquatics.ch\\\/fr\\\/\"},{\"@type\":\"ListItem\",\"position\":2,\"name\":\"Sport de performance\",\"item\":\"https:\\\/\\\/www.swiss-aquatics.ch\\\/fr\\\/sport-delite\\\/\"},{\"@type\":\"ListItem\",\"position\":3,\"name\":\"Diving\",\"item\":\"https:\\\/\\\/www.swiss-aquatics.ch\\\/fr\\\/sport-delite\\\/diving\\\/\"},{\"@type\":\"ListItem\",\"position\":4,\"name\":\"\u00c9v\u00e9nements | R\u00e9sultats\",\"item\":\"https:\\\/\\\/www.swiss-aquatics.ch\\\/fr\\\/sport-delite\\\/diving\\\/evenements-resultats\\\/\"},{\"@type\":\"ListItem\",\"position\":5,\"name\":\"R\u00e9sultats\"}]},{\"@type\":\"WebSite\",\"@id\":\"https:\\\/\\\/www.swiss-aquatics.ch\\\/fr\\\/#website\",\"url\":\"https:\\\/\\\/www.swiss-aquatics.ch\\\/fr\\\/\",\"name\":\"Swiss Aquatics\",\"description\":\"\",\"publisher\":{\"@id\":\"https:\\\/\\\/www.swiss-aquatics.ch\\\/fr\\\/#organization\"},\"potentialAction\":[{\"@type\":\"SearchAction\",\"target\":{\"@type\":\"EntryPoint\",\"urlTemplate\":\"https:\\\/\\\/www.swiss-aquatics.ch\\\/fr\\\/?s={search_term_string}\"},\"query-input\":{\"@type\":\"PropertyValueSpecification\",\"valueRequired\":true,\"valueName\":\"search_term_string\"}}],\"inLanguage\":\"fr-FR\"},{\"@type\":\"Organization\",\"@id\":\"https:\\\/\\\/www.swiss-aquatics.ch\\\/fr\\\/#organization\",\"name\":\"Swiss Aquatics\",\"url\":\"https:\\\/\\\/www.swiss-aquatics.ch\\\/fr\\\/\",\"logo\":{\"@type\":\"ImageObject\",\"inLanguage\":\"fr-FR\",\"@id\":\"https:\\\/\\\/www.swiss-aquatics.ch\\\/fr\\\/#\\\/schema\\\/logo\\\/image\\\/\",\"url\":\"https:\\\/\\\/www.swiss-aquatics.ch\\\/wp-content\\\/uploads\\\/2020\\\/12\\\/logo.png\",\"contentUrl\":\"https:\\\/\\\/www.swiss-aquatics.ch\\\/wp-content\\\/uploads\\\/2020\\\/12\\\/logo.png\",\"width\":580,\"height\":58,\"caption\":\"Swiss Aquatics\"},\"image\":{\"@id\":\"https:\\\/\\\/www.swiss-aquatics.ch\\\/fr\\\/#\\\/schema\\\/logo\\\/image\\\/\"}}]}<\/script>\n<!-- \/ Yoast SEO plugin. -->","yoast_head_json":{"title":"R\u00e9sultats - Swiss Aquatics","robots":{"index":"index","follow":"follow","max-snippet":"max-snippet:-1","max-image-preview":"max-image-preview:large","max-video-preview":"max-video-preview:-1"},"canonical":"https:\/\/www.swiss-aquatics.ch\/fr\/sport-delite\/diving\/evenements-resultats\/resultats\/","og_locale":"fr_FR","og_type":"article","og_title":"R\u00e9sultats - Swiss Aquatics","og_url":"https:\/\/www.swiss-aquatics.ch\/fr\/sport-delite\/diving\/evenements-resultats\/resultats\/","og_site_name":"Swiss Aquatics","article_modified_time":"2026-03-23T05:24:54+00:00","og_image":[{"width":2560,"height":1707,"url":"https:\/\/www.swiss-aquatics.ch\/wp-content\/uploads\/2023\/05\/JP_196873-1-scaled.jpg","type":"image\/jpeg"}],"twitter_card":"summary_large_image","twitter_misc":{"Dur\u00e9e de lecture estim\u00e9e":"6 minutes"},"schema":{"@context":"https:\/\/schema.org","@graph":[{"@type":"WebPage","@id":"https:\/\/www.swiss-aquatics.ch\/fr\/sport-delite\/diving\/evenements-resultats\/resultats\/","url":"https:\/\/www.swiss-aquatics.ch\/fr\/sport-delite\/diving\/evenements-resultats\/resultats\/","name":"R\u00e9sultats - Swiss Aquatics","isPartOf":{"@id":"https:\/\/www.swiss-aquatics.ch\/fr\/#website"},"primaryImageOfPage":{"@id":"https:\/\/www.swiss-aquatics.ch\/fr\/sport-delite\/diving\/evenements-resultats\/resultats\/#primaryimage"},"image":{"@id":"https:\/\/www.swiss-aquatics.ch\/fr\/sport-delite\/diving\/evenements-resultats\/resultats\/#primaryimage"},"thumbnailUrl":"https:\/\/www.swiss-aquatics.ch\/wp-content\/uploads\/2023\/05\/JP_196873-1-scaled.jpg","datePublished":"2025-07-16T15:14:18+00:00","dateModified":"2026-03-23T05:24:54+00:00","breadcrumb":{"@id":"https:\/\/www.swiss-aquatics.ch\/fr\/sport-delite\/diving\/evenements-resultats\/resultats\/#breadcrumb"},"inLanguage":"fr-FR","potentialAction":[{"@type":"ReadAction","target":["https:\/\/www.swiss-aquatics.ch\/fr\/sport-delite\/diving\/evenements-resultats\/resultats\/"]}]},{"@type":"ImageObject","inLanguage":"fr-FR","@id":"https:\/\/www.swiss-aquatics.ch\/fr\/sport-delite\/diving\/evenements-resultats\/resultats\/#primaryimage","url":"https:\/\/www.swiss-aquatics.ch\/wp-content\/uploads\/2023\/05\/JP_196873-1-scaled.jpg","contentUrl":"https:\/\/www.swiss-aquatics.ch\/wp-content\/uploads\/2023\/05\/JP_196873-1-scaled.jpg","width":2560,"height":1707,"caption":"27.05.2023, Horgen, Sportbad K\u00e4pfnach, Swiss Cup Final: SC Horgen - SC Kreuzlingen, Swiss Cup medals"},{"@type":"BreadcrumbList","@id":"https:\/\/www.swiss-aquatics.ch\/fr\/sport-delite\/diving\/evenements-resultats\/resultats\/#breadcrumb","itemListElement":[{"@type":"ListItem","position":1,"name":"Page d'accueil","item":"https:\/\/www.swiss-aquatics.ch\/fr\/"},{"@type":"ListItem","position":2,"name":"Sport de performance","item":"https:\/\/www.swiss-aquatics.ch\/fr\/sport-delite\/"},{"@type":"ListItem","position":3,"name":"Diving","item":"https:\/\/www.swiss-aquatics.ch\/fr\/sport-delite\/diving\/"},{"@type":"ListItem","position":4,"name":"\u00c9v\u00e9nements | R\u00e9sultats","item":"https:\/\/www.swiss-aquatics.ch\/fr\/sport-delite\/diving\/evenements-resultats\/"},{"@type":"ListItem","position":5,"name":"R\u00e9sultats"}]},{"@type":"WebSite","@id":"https:\/\/www.swiss-aquatics.ch\/fr\/#website","url":"https:\/\/www.swiss-aquatics.ch\/fr\/","name":"Swiss Aquatics","description":"","publisher":{"@id":"https:\/\/www.swiss-aquatics.ch\/fr\/#organization"},"potentialAction":[{"@type":"SearchAction","target":{"@type":"EntryPoint","urlTemplate":"https:\/\/www.swiss-aquatics.ch\/fr\/?s={search_term_string}"},"query-input":{"@type":"PropertyValueSpecification","valueRequired":true,"valueName":"search_term_string"}}],"inLanguage":"fr-FR"},{"@type":"Organization","@id":"https:\/\/www.swiss-aquatics.ch\/fr\/#organization","name":"Swiss Aquatics","url":"https:\/\/www.swiss-aquatics.ch\/fr\/","logo":{"@type":"ImageObject","inLanguage":"fr-FR","@id":"https:\/\/www.swiss-aquatics.ch\/fr\/#\/schema\/logo\/image\/","url":"https:\/\/www.swiss-aquatics.ch\/wp-content\/uploads\/2020\/12\/logo.png","contentUrl":"https:\/\/www.swiss-aquatics.ch\/wp-content\/uploads\/2020\/12\/logo.png","width":580,"height":58,"caption":"Swiss Aquatics"},"image":{"@id":"https:\/\/www.swiss-aquatics.ch\/fr\/#\/schema\/logo\/image\/"}}]}},"_links":{"self":[{"href":"https:\/\/www.swiss-aquatics.ch\/fr\/wp-json\/wp\/v2\/pages\/88694","targetHints":{"allow":["GET"]}}],"collection":[{"href":"https:\/\/www.swiss-aquatics.ch\/fr\/wp-json\/wp\/v2\/pages"}],"about":[{"href":"https:\/\/www.swiss-aquatics.ch\/fr\/wp-json\/wp\/v2\/types\/page"}],"author":[{"embeddable":true,"href":"https:\/\/www.swiss-aquatics.ch\/fr\/wp-json\/wp\/v2\/users\/280"}],"replies":[{"embeddable":true,"href":"https:\/\/www.swiss-aquatics.ch\/fr\/wp-json\/wp\/v2\/comments?post=88694"}],"version-history":[{"count":11,"href":"https:\/\/www.swiss-aquatics.ch\/fr\/wp-json\/wp\/v2\/pages\/88694\/revisions"}],"predecessor-version":[{"id":98395,"href":"https:\/\/www.swiss-aquatics.ch\/fr\/wp-json\/wp\/v2\/pages\/88694\/revisions\/98395"}],"up":[{"embeddable":true,"href":"https:\/\/www.swiss-aquatics.ch\/fr\/wp-json\/wp\/v2\/pages\/86434"}],"wp:featuredmedia":[{"embeddable":true,"href":"https:\/\/www.swiss-aquatics.ch\/fr\/wp-json\/wp\/v2\/media\/54516"}],"wp:attachment":[{"href":"https:\/\/www.swiss-aquatics.ch\/fr\/wp-json\/wp\/v2\/media?parent=88694"}],"curies":[{"name":"wp","href":"https:\/\/api.w.org\/{rel}","templated":true}]}}