{"id":97305,"date":"2026-04-02T08:50:44","date_gmt":"2026-04-02T06:50:44","guid":{"rendered":"https:\/\/www.swiss-aquatics.ch\/?page_id=97305"},"modified":"2026-04-21T13:19:35","modified_gmt":"2026-04-21T11:19:35","slug":"assemblees-des-delegue%e2%88%99e%e2%88%99s-et-sportives2026","status":"publish","type":"page","link":"https:\/\/www.swiss-aquatics.ch\/fr\/federation\/organisation\/assemblees-des-delegue%e2%88%99e%e2%88%99s-et-sportives2026\/","title":{"rendered":"Assembl\u00e9es des d\u00e9l\u00e9gu\u00e9\u2219e\u2219s et sportives"},"content":{"rendered":"","protected":false},"excerpt":{"rendered":"","protected":false},"author":244,"featured_media":11458,"parent":4955,"menu_order":376,"comment_status":"closed","ping_status":"closed","template":"","meta":{"_acf_changed":false,"footnotes":""},"class_list":["post-97305","page","type-page","status-publish","has-post-thumbnail","hentry"],"acf":[],"yoast_head":"<!-- This site is optimized with the Yoast SEO plugin v27.4 - https:\/\/yoast.com\/product\/yoast-seo-wordpress\/ -->\n<title>Assembl\u00e9es des d\u00e9l\u00e9gu\u00e9\u2219e\u2219s et sportives - Swiss Aquatics<\/title>\n<meta name=\"robots\" content=\"index, follow, max-snippet:-1, max-image-preview:large, max-video-preview:-1\" \/>\n<link rel=\"canonical\" href=\"https:\/\/www.swiss-aquatics.ch\/fr\/federation\/organisation\/assemblees-des-delegue%e2%88%99e%e2%88%99s-et-sportives2026\/\" \/>\n<meta property=\"og:locale\" content=\"fr_FR\" \/>\n<meta property=\"og:type\" content=\"article\" \/>\n<meta property=\"og:title\" content=\"Assembl\u00e9es des d\u00e9l\u00e9gu\u00e9\u2219e\u2219s et sportives - Swiss Aquatics\" \/>\n<meta property=\"og:url\" content=\"https:\/\/www.swiss-aquatics.ch\/fr\/federation\/organisation\/assemblees-des-delegue%e2%88%99e%e2%88%99s-et-sportives2026\/\" \/>\n<meta property=\"og:site_name\" content=\"Swiss Aquatics\" \/>\n<meta property=\"article:modified_time\" content=\"2026-04-21T11:19:35+00:00\" \/>\n<meta name=\"twitter:card\" content=\"summary_large_image\" \/>\n<meta name=\"twitter:label1\" content=\"Dur\u00e9e de lecture estim\u00e9e\" \/>\n\t<meta name=\"twitter:data1\" content=\"27 minutes\" \/>\n<script type=\"application\/ld+json\" class=\"yoast-schema-graph\">{\"@context\":\"https:\\\/\\\/schema.org\",\"@graph\":[{\"@type\":\"WebPage\",\"@id\":\"https:\\\/\\\/www.swiss-aquatics.ch\\\/fr\\\/federation\\\/organisation\\\/assemblees-des-delegue%e2%88%99e%e2%88%99s-et-sportives2026\\\/\",\"url\":\"https:\\\/\\\/www.swiss-aquatics.ch\\\/fr\\\/federation\\\/organisation\\\/assemblees-des-delegue%e2%88%99e%e2%88%99s-et-sportives2026\\\/\",\"name\":\"Assembl\u00e9es des d\u00e9l\u00e9gu\u00e9\u2219e\u2219s et sportives - Swiss Aquatics\",\"isPartOf\":{\"@id\":\"https:\\\/\\\/www.swiss-aquatics.ch\\\/fr\\\/#website\"},\"primaryImageOfPage\":{\"@id\":\"https:\\\/\\\/www.swiss-aquatics.ch\\\/fr\\\/federation\\\/organisation\\\/assemblees-des-delegue%e2%88%99e%e2%88%99s-et-sportives2026\\\/#primaryimage\"},\"image\":{\"@id\":\"https:\\\/\\\/www.swiss-aquatics.ch\\\/fr\\\/federation\\\/organisation\\\/assemblees-des-delegue%e2%88%99e%e2%88%99s-et-sportives2026\\\/#primaryimage\"},\"thumbnailUrl\":\"https:\\\/\\\/www.swiss-aquatics.ch\\\/wp-content\\\/uploads\\\/2021\\\/01\\\/Delegiertenversammlung-1.png\",\"datePublished\":\"2026-04-02T06:50:44+00:00\",\"dateModified\":\"2026-04-21T11:19:35+00:00\",\"breadcrumb\":{\"@id\":\"https:\\\/\\\/www.swiss-aquatics.ch\\\/fr\\\/federation\\\/organisation\\\/assemblees-des-delegue%e2%88%99e%e2%88%99s-et-sportives2026\\\/#breadcrumb\"},\"inLanguage\":\"fr-FR\",\"potentialAction\":[{\"@type\":\"ReadAction\",\"target\":[\"https:\\\/\\\/www.swiss-aquatics.ch\\\/fr\\\/federation\\\/organisation\\\/assemblees-des-delegue%e2%88%99e%e2%88%99s-et-sportives2026\\\/\"]}]},{\"@type\":\"ImageObject\",\"inLanguage\":\"fr-FR\",\"@id\":\"https:\\\/\\\/www.swiss-aquatics.ch\\\/fr\\\/federation\\\/organisation\\\/assemblees-des-delegue%e2%88%99e%e2%88%99s-et-sportives2026\\\/#primaryimage\",\"url\":\"https:\\\/\\\/www.swiss-aquatics.ch\\\/wp-content\\\/uploads\\\/2021\\\/01\\\/Delegiertenversammlung-1.png\",\"contentUrl\":\"https:\\\/\\\/www.swiss-aquatics.ch\\\/wp-content\\\/uploads\\\/2021\\\/01\\\/Delegiertenversammlung-1.png\",\"width\":1320,\"height\":640},{\"@type\":\"BreadcrumbList\",\"@id\":\"https:\\\/\\\/www.swiss-aquatics.ch\\\/fr\\\/federation\\\/organisation\\\/assemblees-des-delegue%e2%88%99e%e2%88%99s-et-sportives2026\\\/#breadcrumb\",\"itemListElement\":[{\"@type\":\"ListItem\",\"position\":1,\"name\":\"Page d'accueil\",\"item\":\"https:\\\/\\\/www.swiss-aquatics.ch\\\/fr\\\/page-daccueil\\\/\"},{\"@type\":\"ListItem\",\"position\":2,\"name\":\"F\u00e9d\u00e9\u00adra\u00adtion\",\"item\":\"https:\\\/\\\/www.swiss-aquatics.ch\\\/fr\\\/federation\\\/\"},{\"@type\":\"ListItem\",\"position\":3,\"name\":\"Orga\u00adni\u00adsa\u00adtion\",\"item\":\"https:\\\/\\\/www.swiss-aquatics.ch\\\/fr\\\/federation\\\/organisation\\\/\"},{\"@type\":\"ListItem\",\"position\":4,\"name\":\"Assembl\u00e9es des d\u00e9l\u00e9gu\u00e9\u2219e\u2219s et sportives\"}]},{\"@type\":\"WebSite\",\"@id\":\"https:\\\/\\\/www.swiss-aquatics.ch\\\/fr\\\/#website\",\"url\":\"https:\\\/\\\/www.swiss-aquatics.ch\\\/fr\\\/\",\"name\":\"Swiss Aquatics\",\"description\":\"\",\"publisher\":{\"@id\":\"https:\\\/\\\/www.swiss-aquatics.ch\\\/fr\\\/#organization\"},\"potentialAction\":[{\"@type\":\"SearchAction\",\"target\":{\"@type\":\"EntryPoint\",\"urlTemplate\":\"https:\\\/\\\/www.swiss-aquatics.ch\\\/fr\\\/?s={search_term_string}\"},\"query-input\":{\"@type\":\"PropertyValueSpecification\",\"valueRequired\":true,\"valueName\":\"search_term_string\"}}],\"inLanguage\":\"fr-FR\"},{\"@type\":\"Organization\",\"@id\":\"https:\\\/\\\/www.swiss-aquatics.ch\\\/fr\\\/#organization\",\"name\":\"Swiss Aquatics\",\"url\":\"https:\\\/\\\/www.swiss-aquatics.ch\\\/fr\\\/\",\"logo\":{\"@type\":\"ImageObject\",\"inLanguage\":\"fr-FR\",\"@id\":\"https:\\\/\\\/www.swiss-aquatics.ch\\\/fr\\\/#\\\/schema\\\/logo\\\/image\\\/\",\"url\":\"https:\\\/\\\/www.swiss-aquatics.ch\\\/wp-content\\\/uploads\\\/2020\\\/12\\\/logo.png\",\"contentUrl\":\"https:\\\/\\\/www.swiss-aquatics.ch\\\/wp-content\\\/uploads\\\/2020\\\/12\\\/logo.png\",\"width\":580,\"height\":58,\"caption\":\"Swiss Aquatics\"},\"image\":{\"@id\":\"https:\\\/\\\/www.swiss-aquatics.ch\\\/fr\\\/#\\\/schema\\\/logo\\\/image\\\/\"}}]}<\/script>\n<!-- \/ Yoast SEO plugin. -->","yoast_head_json":{"title":"Assembl\u00e9es des d\u00e9l\u00e9gu\u00e9\u2219e\u2219s et sportives - Swiss Aquatics","robots":{"index":"index","follow":"follow","max-snippet":"max-snippet:-1","max-image-preview":"max-image-preview:large","max-video-preview":"max-video-preview:-1"},"canonical":"https:\/\/www.swiss-aquatics.ch\/fr\/federation\/organisation\/assemblees-des-delegue%e2%88%99e%e2%88%99s-et-sportives2026\/","og_locale":"fr_FR","og_type":"article","og_title":"Assembl\u00e9es des d\u00e9l\u00e9gu\u00e9\u2219e\u2219s et sportives - Swiss Aquatics","og_url":"https:\/\/www.swiss-aquatics.ch\/fr\/federation\/organisation\/assemblees-des-delegue%e2%88%99e%e2%88%99s-et-sportives2026\/","og_site_name":"Swiss Aquatics","article_modified_time":"2026-04-21T11:19:35+00:00","twitter_card":"summary_large_image","twitter_misc":{"Dur\u00e9e de lecture estim\u00e9e":"27 minutes"},"schema":{"@context":"https:\/\/schema.org","@graph":[{"@type":"WebPage","@id":"https:\/\/www.swiss-aquatics.ch\/fr\/federation\/organisation\/assemblees-des-delegue%e2%88%99e%e2%88%99s-et-sportives2026\/","url":"https:\/\/www.swiss-aquatics.ch\/fr\/federation\/organisation\/assemblees-des-delegue%e2%88%99e%e2%88%99s-et-sportives2026\/","name":"Assembl\u00e9es des d\u00e9l\u00e9gu\u00e9\u2219e\u2219s et sportives - Swiss Aquatics","isPartOf":{"@id":"https:\/\/www.swiss-aquatics.ch\/fr\/#website"},"primaryImageOfPage":{"@id":"https:\/\/www.swiss-aquatics.ch\/fr\/federation\/organisation\/assemblees-des-delegue%e2%88%99e%e2%88%99s-et-sportives2026\/#primaryimage"},"image":{"@id":"https:\/\/www.swiss-aquatics.ch\/fr\/federation\/organisation\/assemblees-des-delegue%e2%88%99e%e2%88%99s-et-sportives2026\/#primaryimage"},"thumbnailUrl":"https:\/\/www.swiss-aquatics.ch\/wp-content\/uploads\/2021\/01\/Delegiertenversammlung-1.png","datePublished":"2026-04-02T06:50:44+00:00","dateModified":"2026-04-21T11:19:35+00:00","breadcrumb":{"@id":"https:\/\/www.swiss-aquatics.ch\/fr\/federation\/organisation\/assemblees-des-delegue%e2%88%99e%e2%88%99s-et-sportives2026\/#breadcrumb"},"inLanguage":"fr-FR","potentialAction":[{"@type":"ReadAction","target":["https:\/\/www.swiss-aquatics.ch\/fr\/federation\/organisation\/assemblees-des-delegue%e2%88%99e%e2%88%99s-et-sportives2026\/"]}]},{"@type":"ImageObject","inLanguage":"fr-FR","@id":"https:\/\/www.swiss-aquatics.ch\/fr\/federation\/organisation\/assemblees-des-delegue%e2%88%99e%e2%88%99s-et-sportives2026\/#primaryimage","url":"https:\/\/www.swiss-aquatics.ch\/wp-content\/uploads\/2021\/01\/Delegiertenversammlung-1.png","contentUrl":"https:\/\/www.swiss-aquatics.ch\/wp-content\/uploads\/2021\/01\/Delegiertenversammlung-1.png","width":1320,"height":640},{"@type":"BreadcrumbList","@id":"https:\/\/www.swiss-aquatics.ch\/fr\/federation\/organisation\/assemblees-des-delegue%e2%88%99e%e2%88%99s-et-sportives2026\/#breadcrumb","itemListElement":[{"@type":"ListItem","position":1,"name":"Page d'accueil","item":"https:\/\/www.swiss-aquatics.ch\/fr\/page-daccueil\/"},{"@type":"ListItem","position":2,"name":"F\u00e9d\u00e9\u00adra\u00adtion","item":"https:\/\/www.swiss-aquatics.ch\/fr\/federation\/"},{"@type":"ListItem","position":3,"name":"Orga\u00adni\u00adsa\u00adtion","item":"https:\/\/www.swiss-aquatics.ch\/fr\/federation\/organisation\/"},{"@type":"ListItem","position":4,"name":"Assembl\u00e9es des d\u00e9l\u00e9gu\u00e9\u2219e\u2219s et sportives"}]},{"@type":"WebSite","@id":"https:\/\/www.swiss-aquatics.ch\/fr\/#website","url":"https:\/\/www.swiss-aquatics.ch\/fr\/","name":"Swiss Aquatics","description":"","publisher":{"@id":"https:\/\/www.swiss-aquatics.ch\/fr\/#organization"},"potentialAction":[{"@type":"SearchAction","target":{"@type":"EntryPoint","urlTemplate":"https:\/\/www.swiss-aquatics.ch\/fr\/?s={search_term_string}"},"query-input":{"@type":"PropertyValueSpecification","valueRequired":true,"valueName":"search_term_string"}}],"inLanguage":"fr-FR"},{"@type":"Organization","@id":"https:\/\/www.swiss-aquatics.ch\/fr\/#organization","name":"Swiss Aquatics","url":"https:\/\/www.swiss-aquatics.ch\/fr\/","logo":{"@type":"ImageObject","inLanguage":"fr-FR","@id":"https:\/\/www.swiss-aquatics.ch\/fr\/#\/schema\/logo\/image\/","url":"https:\/\/www.swiss-aquatics.ch\/wp-content\/uploads\/2020\/12\/logo.png","contentUrl":"https:\/\/www.swiss-aquatics.ch\/wp-content\/uploads\/2020\/12\/logo.png","width":580,"height":58,"caption":"Swiss Aquatics"},"image":{"@id":"https:\/\/www.swiss-aquatics.ch\/fr\/#\/schema\/logo\/image\/"}}]}},"_links":{"self":[{"href":"https:\/\/www.swiss-aquatics.ch\/fr\/wp-json\/wp\/v2\/pages\/97305","targetHints":{"allow":["GET"]}}],"collection":[{"href":"https:\/\/www.swiss-aquatics.ch\/fr\/wp-json\/wp\/v2\/pages"}],"about":[{"href":"https:\/\/www.swiss-aquatics.ch\/fr\/wp-json\/wp\/v2\/types\/page"}],"author":[{"embeddable":true,"href":"https:\/\/www.swiss-aquatics.ch\/fr\/wp-json\/wp\/v2\/users\/244"}],"replies":[{"embeddable":true,"href":"https:\/\/www.swiss-aquatics.ch\/fr\/wp-json\/wp\/v2\/comments?post=97305"}],"version-history":[{"count":51,"href":"https:\/\/www.swiss-aquatics.ch\/fr\/wp-json\/wp\/v2\/pages\/97305\/revisions"}],"predecessor-version":[{"id":99812,"href":"https:\/\/www.swiss-aquatics.ch\/fr\/wp-json\/wp\/v2\/pages\/97305\/revisions\/99812"}],"up":[{"embeddable":true,"href":"https:\/\/www.swiss-aquatics.ch\/fr\/wp-json\/wp\/v2\/pages\/4955"}],"wp:featuredmedia":[{"embeddable":true,"href":"https:\/\/www.swiss-aquatics.ch\/fr\/wp-json\/wp\/v2\/media\/11458"}],"wp:attachment":[{"href":"https:\/\/www.swiss-aquatics.ch\/fr\/wp-json\/wp\/v2\/media?parent=97305"}],"curies":[{"name":"wp","href":"https:\/\/api.w.org\/{rel}","templated":true}]}}