{"id":13419,"date":"2021-02-22T11:17:16","date_gmt":"2021-02-22T10:17:16","guid":{"rendered":"https:\/\/www.swiss-aquatics.ch\/?post_type=product&#038;p=13419"},"modified":"2026-04-01T18:19:07","modified_gmt":"2026-04-01T16:19:07","slug":"distinction-kids-pass-levels","status":"publish","type":"product","link":"https:\/\/www.swiss-aquatics.ch\/fr\/produkt\/distinction-kids-pass-levels\/","title":{"rendered":"DISTINCTION KIDS PASS LEVELS"},"content":{"rendered":"<p>Set de 2 cartes postales dans un sachet cellophane (imperm\u00e9able) pratique pour la piscine. (1x avec m\u00e9daille autocollante et autres autocollants du monde imag\u00e9 de la formation Swiss Aquatics Kids \/ 1x \u00e0 envoyer).<\/p>\n","protected":false},"excerpt":{"rendered":"<p>Set de 2 cartes postales dans un sachet cellophane (imperm\u00e9able) pratique pour la piscine. (1x avec m\u00e9daille autocollante et autres autocollants du monde imag\u00e9 de la formation Swiss Aquatics Kids \/ 1x \u00e0 envoyer).<\/p>\n","protected":false},"featured_media":7129,"template":"","meta":{"_acf_changed":false,"footnotes":""},"product_brand":[],"product_cat":[132],"product_tag":[],"class_list":{"0":"post-13419","1":"product","2":"type-product","3":"status-publish","4":"has-post-thumbnail","6":"product_cat-education-fr-2","8":"first","9":"instock","10":"taxable","11":"shipping-taxable","12":"purchasable","13":"product-type-variable"},"acf":[],"yoast_head":"<!-- This site is optimized with the Yoast SEO plugin v27.4 - https:\/\/yoast.com\/product\/yoast-seo-wordpress\/ -->\n<title>DISTINCTION KIDS PASS LEVELS - Swiss Aquatics<\/title>\n<meta name=\"robots\" content=\"index, follow, max-snippet:-1, max-image-preview:large, max-video-preview:-1\" \/>\n<link rel=\"canonical\" href=\"https:\/\/www.swiss-aquatics.ch\/fr\/produkt\/distinction-kids-pass-levels\/\" \/>\n<meta property=\"og:locale\" content=\"fr_FR\" \/>\n<meta property=\"og:type\" content=\"article\" \/>\n<meta property=\"og:title\" content=\"DISTINCTION KIDS PASS LEVELS - Swiss Aquatics\" \/>\n<meta property=\"og:description\" content=\"Set de 2 cartes postales dans un sachet cellophane (imperm\u00e9able) pratique pour la piscine. (1x avec m\u00e9daille autocollante et autres autocollants du monde imag\u00e9 de la formation Swiss Aquatics Kids \/ 1x \u00e0 envoyer).\" \/>\n<meta property=\"og:url\" content=\"https:\/\/www.swiss-aquatics.ch\/fr\/produkt\/distinction-kids-pass-levels\/\" \/>\n<meta property=\"og:site_name\" content=\"Swiss Aquatics\" \/>\n<meta property=\"article:modified_time\" content=\"2026-04-01T16:19:07+00:00\" \/>\n<meta property=\"og:image\" content=\"https:\/\/www.swiss-aquatics.ch\/wp-content\/uploads\/2020\/12\/201109_Swiss_Aquatics_Auszeichnungsset_kleberbogen_a6_cmyk_3_Seite_01.png\" \/>\n\t<meta property=\"og:image:width\" content=\"1241\" \/>\n\t<meta property=\"og:image:height\" content=\"1749\" \/>\n\t<meta property=\"og:image:type\" content=\"image\/png\" \/>\n<meta name=\"twitter:card\" content=\"summary_large_image\" \/>\n<meta name=\"twitter:label1\" content=\"Dur\u00e9e de lecture estim\u00e9e\" \/>\n\t<meta name=\"twitter:data1\" content=\"1 minute\" \/>\n<script type=\"application\/ld+json\" class=\"yoast-schema-graph\">{\"@context\":\"https:\\\/\\\/schema.org\",\"@graph\":[{\"@type\":\"WebPage\",\"@id\":\"https:\\\/\\\/www.swiss-aquatics.ch\\\/fr\\\/produkt\\\/distinction-kids-pass-levels\\\/\",\"url\":\"https:\\\/\\\/www.swiss-aquatics.ch\\\/fr\\\/produkt\\\/distinction-kids-pass-levels\\\/\",\"name\":\"DISTINCTION KIDS PASS LEVELS - Swiss Aquatics\",\"isPartOf\":{\"@id\":\"https:\\\/\\\/www.swiss-aquatics.ch\\\/fr\\\/#website\"},\"primaryImageOfPage\":{\"@id\":\"https:\\\/\\\/www.swiss-aquatics.ch\\\/fr\\\/produkt\\\/distinction-kids-pass-levels\\\/#primaryimage\"},\"image\":{\"@id\":\"https:\\\/\\\/www.swiss-aquatics.ch\\\/fr\\\/produkt\\\/distinction-kids-pass-levels\\\/#primaryimage\"},\"thumbnailUrl\":\"https:\\\/\\\/www.swiss-aquatics.ch\\\/wp-content\\\/uploads\\\/2020\\\/12\\\/201109_Swiss_Aquatics_Auszeichnungsset_kleberbogen_a6_cmyk_3_Seite_01.png\",\"datePublished\":\"2021-02-22T10:17:16+00:00\",\"dateModified\":\"2026-04-01T16:19:07+00:00\",\"breadcrumb\":{\"@id\":\"https:\\\/\\\/www.swiss-aquatics.ch\\\/fr\\\/produkt\\\/distinction-kids-pass-levels\\\/#breadcrumb\"},\"inLanguage\":\"fr-FR\",\"potentialAction\":[{\"@type\":\"ReadAction\",\"target\":[\"https:\\\/\\\/www.swiss-aquatics.ch\\\/fr\\\/produkt\\\/distinction-kids-pass-levels\\\/\"]}]},{\"@type\":\"ImageObject\",\"inLanguage\":\"fr-FR\",\"@id\":\"https:\\\/\\\/www.swiss-aquatics.ch\\\/fr\\\/produkt\\\/distinction-kids-pass-levels\\\/#primaryimage\",\"url\":\"https:\\\/\\\/www.swiss-aquatics.ch\\\/wp-content\\\/uploads\\\/2020\\\/12\\\/201109_Swiss_Aquatics_Auszeichnungsset_kleberbogen_a6_cmyk_3_Seite_01.png\",\"contentUrl\":\"https:\\\/\\\/www.swiss-aquatics.ch\\\/wp-content\\\/uploads\\\/2020\\\/12\\\/201109_Swiss_Aquatics_Auszeichnungsset_kleberbogen_a6_cmyk_3_Seite_01.png\",\"width\":1241,\"height\":1749},{\"@type\":\"BreadcrumbList\",\"@id\":\"https:\\\/\\\/www.swiss-aquatics.ch\\\/fr\\\/produkt\\\/distinction-kids-pass-levels\\\/#breadcrumb\",\"itemListElement\":[{\"@type\":\"ListItem\",\"position\":1,\"name\":\"Page d'accueil\",\"item\":\"https:\\\/\\\/www.swiss-aquatics.ch\\\/fr\\\/page-daccueil\\\/\"},{\"@type\":\"ListItem\",\"position\":2,\"name\":\"Shop\",\"item\":\"https:\\\/\\\/www.swiss-aquatics.ch\\\/fr\\\/shop\\\/\"},{\"@type\":\"ListItem\",\"position\":3,\"name\":\"DIS\u00adTINC\u00adTION KIDS PASS LEVELS\"}]},{\"@type\":\"WebSite\",\"@id\":\"https:\\\/\\\/www.swiss-aquatics.ch\\\/fr\\\/#website\",\"url\":\"https:\\\/\\\/www.swiss-aquatics.ch\\\/fr\\\/\",\"name\":\"Swiss Aquatics\",\"description\":\"\",\"publisher\":{\"@id\":\"https:\\\/\\\/www.swiss-aquatics.ch\\\/fr\\\/#organization\"},\"potentialAction\":[{\"@type\":\"SearchAction\",\"target\":{\"@type\":\"EntryPoint\",\"urlTemplate\":\"https:\\\/\\\/www.swiss-aquatics.ch\\\/fr\\\/?s={search_term_string}\"},\"query-input\":{\"@type\":\"PropertyValueSpecification\",\"valueRequired\":true,\"valueName\":\"search_term_string\"}}],\"inLanguage\":\"fr-FR\"},{\"@type\":\"Organization\",\"@id\":\"https:\\\/\\\/www.swiss-aquatics.ch\\\/fr\\\/#organization\",\"name\":\"Swiss Aquatics\",\"url\":\"https:\\\/\\\/www.swiss-aquatics.ch\\\/fr\\\/\",\"logo\":{\"@type\":\"ImageObject\",\"inLanguage\":\"fr-FR\",\"@id\":\"https:\\\/\\\/www.swiss-aquatics.ch\\\/fr\\\/#\\\/schema\\\/logo\\\/image\\\/\",\"url\":\"https:\\\/\\\/www.swiss-aquatics.ch\\\/wp-content\\\/uploads\\\/2020\\\/12\\\/logo.png\",\"contentUrl\":\"https:\\\/\\\/www.swiss-aquatics.ch\\\/wp-content\\\/uploads\\\/2020\\\/12\\\/logo.png\",\"width\":580,\"height\":58,\"caption\":\"Swiss Aquatics\"},\"image\":{\"@id\":\"https:\\\/\\\/www.swiss-aquatics.ch\\\/fr\\\/#\\\/schema\\\/logo\\\/image\\\/\"}}]}<\/script>\n<!-- \/ Yoast SEO plugin. -->","yoast_head_json":{"title":"DISTINCTION KIDS PASS LEVELS - Swiss Aquatics","robots":{"index":"index","follow":"follow","max-snippet":"max-snippet:-1","max-image-preview":"max-image-preview:large","max-video-preview":"max-video-preview:-1"},"canonical":"https:\/\/www.swiss-aquatics.ch\/fr\/produkt\/distinction-kids-pass-levels\/","og_locale":"fr_FR","og_type":"article","og_title":"DISTINCTION KIDS PASS LEVELS - Swiss Aquatics","og_description":"Set de 2 cartes postales dans un sachet cellophane (imperm\u00e9able) pratique pour la piscine. (1x avec m\u00e9daille autocollante et autres autocollants du monde imag\u00e9 de la formation Swiss Aquatics Kids \/ 1x \u00e0 envoyer).","og_url":"https:\/\/www.swiss-aquatics.ch\/fr\/produkt\/distinction-kids-pass-levels\/","og_site_name":"Swiss Aquatics","article_modified_time":"2026-04-01T16:19:07+00:00","og_image":[{"width":1241,"height":1749,"url":"https:\/\/www.swiss-aquatics.ch\/wp-content\/uploads\/2020\/12\/201109_Swiss_Aquatics_Auszeichnungsset_kleberbogen_a6_cmyk_3_Seite_01.png","type":"image\/png"}],"twitter_card":"summary_large_image","twitter_misc":{"Dur\u00e9e de lecture estim\u00e9e":"1 minute"},"schema":{"@context":"https:\/\/schema.org","@graph":[{"@type":"WebPage","@id":"https:\/\/www.swiss-aquatics.ch\/fr\/produkt\/distinction-kids-pass-levels\/","url":"https:\/\/www.swiss-aquatics.ch\/fr\/produkt\/distinction-kids-pass-levels\/","name":"DISTINCTION KIDS PASS LEVELS - Swiss Aquatics","isPartOf":{"@id":"https:\/\/www.swiss-aquatics.ch\/fr\/#website"},"primaryImageOfPage":{"@id":"https:\/\/www.swiss-aquatics.ch\/fr\/produkt\/distinction-kids-pass-levels\/#primaryimage"},"image":{"@id":"https:\/\/www.swiss-aquatics.ch\/fr\/produkt\/distinction-kids-pass-levels\/#primaryimage"},"thumbnailUrl":"https:\/\/www.swiss-aquatics.ch\/wp-content\/uploads\/2020\/12\/201109_Swiss_Aquatics_Auszeichnungsset_kleberbogen_a6_cmyk_3_Seite_01.png","datePublished":"2021-02-22T10:17:16+00:00","dateModified":"2026-04-01T16:19:07+00:00","breadcrumb":{"@id":"https:\/\/www.swiss-aquatics.ch\/fr\/produkt\/distinction-kids-pass-levels\/#breadcrumb"},"inLanguage":"fr-FR","potentialAction":[{"@type":"ReadAction","target":["https:\/\/www.swiss-aquatics.ch\/fr\/produkt\/distinction-kids-pass-levels\/"]}]},{"@type":"ImageObject","inLanguage":"fr-FR","@id":"https:\/\/www.swiss-aquatics.ch\/fr\/produkt\/distinction-kids-pass-levels\/#primaryimage","url":"https:\/\/www.swiss-aquatics.ch\/wp-content\/uploads\/2020\/12\/201109_Swiss_Aquatics_Auszeichnungsset_kleberbogen_a6_cmyk_3_Seite_01.png","contentUrl":"https:\/\/www.swiss-aquatics.ch\/wp-content\/uploads\/2020\/12\/201109_Swiss_Aquatics_Auszeichnungsset_kleberbogen_a6_cmyk_3_Seite_01.png","width":1241,"height":1749},{"@type":"BreadcrumbList","@id":"https:\/\/www.swiss-aquatics.ch\/fr\/produkt\/distinction-kids-pass-levels\/#breadcrumb","itemListElement":[{"@type":"ListItem","position":1,"name":"Page d'accueil","item":"https:\/\/www.swiss-aquatics.ch\/fr\/page-daccueil\/"},{"@type":"ListItem","position":2,"name":"Shop","item":"https:\/\/www.swiss-aquatics.ch\/fr\/shop\/"},{"@type":"ListItem","position":3,"name":"DIS\u00adTINC\u00adTION KIDS PASS LEVELS"}]},{"@type":"WebSite","@id":"https:\/\/www.swiss-aquatics.ch\/fr\/#website","url":"https:\/\/www.swiss-aquatics.ch\/fr\/","name":"Swiss Aquatics","description":"","publisher":{"@id":"https:\/\/www.swiss-aquatics.ch\/fr\/#organization"},"potentialAction":[{"@type":"SearchAction","target":{"@type":"EntryPoint","urlTemplate":"https:\/\/www.swiss-aquatics.ch\/fr\/?s={search_term_string}"},"query-input":{"@type":"PropertyValueSpecification","valueRequired":true,"valueName":"search_term_string"}}],"inLanguage":"fr-FR"},{"@type":"Organization","@id":"https:\/\/www.swiss-aquatics.ch\/fr\/#organization","name":"Swiss Aquatics","url":"https:\/\/www.swiss-aquatics.ch\/fr\/","logo":{"@type":"ImageObject","inLanguage":"fr-FR","@id":"https:\/\/www.swiss-aquatics.ch\/fr\/#\/schema\/logo\/image\/","url":"https:\/\/www.swiss-aquatics.ch\/wp-content\/uploads\/2020\/12\/logo.png","contentUrl":"https:\/\/www.swiss-aquatics.ch\/wp-content\/uploads\/2020\/12\/logo.png","width":580,"height":58,"caption":"Swiss Aquatics"},"image":{"@id":"https:\/\/www.swiss-aquatics.ch\/fr\/#\/schema\/logo\/image\/"}}]}},"_links":{"self":[{"href":"https:\/\/www.swiss-aquatics.ch\/fr\/wp-json\/wp\/v2\/product\/13419","targetHints":{"allow":["GET"]}}],"collection":[{"href":"https:\/\/www.swiss-aquatics.ch\/fr\/wp-json\/wp\/v2\/product"}],"about":[{"href":"https:\/\/www.swiss-aquatics.ch\/fr\/wp-json\/wp\/v2\/types\/product"}],"version-history":[{"count":0,"href":"https:\/\/www.swiss-aquatics.ch\/fr\/wp-json\/wp\/v2\/product\/13419\/revisions"}],"wp:featuredmedia":[{"embeddable":true,"href":"https:\/\/www.swiss-aquatics.ch\/fr\/wp-json\/wp\/v2\/media\/7129"}],"wp:attachment":[{"href":"https:\/\/www.swiss-aquatics.ch\/fr\/wp-json\/wp\/v2\/media?parent=13419"}],"wp:term":[{"taxonomy":"product_brand","embeddable":true,"href":"https:\/\/www.swiss-aquatics.ch\/fr\/wp-json\/wp\/v2\/product_brand?post=13419"},{"taxonomy":"product_cat","embeddable":true,"href":"https:\/\/www.swiss-aquatics.ch\/fr\/wp-json\/wp\/v2\/product_cat?post=13419"},{"taxonomy":"product_tag","embeddable":true,"href":"https:\/\/www.swiss-aquatics.ch\/fr\/wp-json\/wp\/v2\/product_tag?post=13419"}],"curies":[{"name":"wp","href":"https:\/\/api.w.org\/{rel}","templated":true}]}}