{"id":85800,"date":"2025-06-05T17:17:05","date_gmt":"2025-06-05T15:17:05","guid":{"rendered":"https:\/\/www.swiss-aquatics.ch\/?post_type=product&#038;p=85800"},"modified":"2025-08-21T13:24:51","modified_gmt":"2025-08-21T11:24:51","slug":"swiss-aquatics-official-swimming-arena-polo-unisex-rouge","status":"publish","type":"product","link":"https:\/\/www.swiss-aquatics.ch\/fr\/produkt\/swiss-aquatics-official-swimming-arena-polo-unisex-rouge\/","title":{"rendered":"Juge Arbitre Swimming Polo &#8211; rouge"},"content":{"rendered":"<p>Veuillez noter que ce polo est uniquement destin\u00e9 <strong>aux juges arbitres<\/strong>\u00a0(pas aux starters)\u00a0 et <strong>\u00e0 la natation !<\/strong><\/p>\n<p>&nbsp;<\/p>\n<p>Swiss Aquatics Officials Swimming Arena Team Poloshirt Solid Cotton (Unisex)<\/p>\n<p><strong>Couleur :<\/strong> rouge<\/p>\n<p><strong>Informations sur le produit :<\/strong><\/p>\n<ul>\n<li>Polo de haute qualit\u00e9 et extr\u00eamement confortable pour hommes et femmes<\/li>\n<li>Coton doux, coupe normale<\/li>\n<li>Polo sportif \u00e0 manches courtes, col polo \u00e0 trois boutons, bordures contrast\u00e9es et logo. Ce produit a re\u00e7u le label MADE IN GREEN d&rsquo;OEKO-TEX\u00ae<\/li>\n<li>Id\u00e9al pour les activit\u00e9s sportives et de loisirs<\/li>\n<\/ul>\n<p><strong>Mati\u00e8re :<\/strong> 100% coton<\/p>\n<p><a href=\"https:\/\/www.swiss-aquatics.ch\/wp-content\/uploads\/2025\/06\/Swiss-Aquatics-Officials-Swimming-Pants-V2.pdf\">Tableau des tailles<\/a><\/p>\n<p>Pour toute demande concernant les tailles, merci de vous adresser \u00e0 : <strong data-start=\"611\" data-end=\"641\"><a class=\"decorated-link cursor-pointer\" href=\"mailto:swimming@swiss-aquatics.ch\" rel=\"noopener\" data-start=\"613\" data-end=\"639\">swimming@swiss-aquatics.ch<\/a><\/strong><\/p>\n","protected":false},"excerpt":{"rendered":"<p>Veuillez noter que ce polo est uniquement destin\u00e9 aux juges arbitres\u00a0(pas aux starters)\u00a0 et \u00e0 la natation ! &nbsp; Swiss Aquatics Officials Swimming Arena Team Poloshirt Solid Cotton (Unisex) Couleur : rouge Informations sur le produit : Polo de haute qualit\u00e9 et extr\u00eamement confortable pour hommes et femmes Coton doux, coupe normale Polo sportif \u00e0 &hellip; <a href=\"https:\/\/www.swiss-aquatics.ch\/fr\/produkt\/swiss-aquatics-official-swimming-arena-polo-unisex-rouge\/\">Continued<\/a><\/p>\n","protected":false},"featured_media":90534,"template":"","meta":{"_acf_changed":false,"footnotes":""},"product_brand":[],"product_cat":[113,131],"product_tag":[],"class_list":{"0":"post-85800","1":"product","2":"type-product","3":"status-publish","4":"has-post-thumbnail","6":"product_cat-federation-fr","7":"product_cat-natation","9":"first","10":"outofstock","11":"taxable","12":"shipping-taxable","13":"purchasable","14":"product-type-variable"},"acf":[],"yoast_head":"<!-- This site is optimized with the Yoast SEO plugin v27.4 - https:\/\/yoast.com\/product\/yoast-seo-wordpress\/ -->\n<title>Juge Arbitre Swimming Polo - rouge - Swiss Aquatics<\/title>\n<meta name=\"robots\" content=\"index, follow, max-snippet:-1, max-image-preview:large, max-video-preview:-1\" \/>\n<link rel=\"canonical\" href=\"https:\/\/www.swiss-aquatics.ch\/fr\/produkt\/swiss-aquatics-official-swimming-arena-polo-unisex-rouge\/\" \/>\n<meta property=\"og:locale\" content=\"fr_FR\" \/>\n<meta property=\"og:type\" content=\"article\" \/>\n<meta property=\"og:title\" content=\"Juge Arbitre Swimming Polo - rouge - Swiss Aquatics\" \/>\n<meta property=\"og:description\" content=\"Veuillez noter que ce polo est uniquement destin\u00e9 aux juges arbitres\u00a0(pas aux starters)\u00a0 et \u00e0 la natation ! &nbsp; Swiss Aquatics Officials Swimming Arena Team Poloshirt Solid Cotton (Unisex) Couleur : rouge Informations sur le produit : Polo de haute qualit\u00e9 et extr\u00eamement confortable pour hommes et femmes Coton doux, coupe normale Polo sportif \u00e0 &hellip; Continued\" \/>\n<meta property=\"og:url\" content=\"https:\/\/www.swiss-aquatics.ch\/fr\/produkt\/swiss-aquatics-official-swimming-arena-polo-unisex-rouge\/\" \/>\n<meta property=\"og:site_name\" content=\"Swiss Aquatics\" \/>\n<meta property=\"article:modified_time\" content=\"2025-08-21T11:24:51+00:00\" \/>\n<meta property=\"og:image\" content=\"https:\/\/www.swiss-aquatics.ch\/wp-content\/uploads\/2025\/06\/2025_Alexis_Z9-6477-scaled.jpg\" \/>\n\t<meta property=\"og:image:width\" content=\"1705\" \/>\n\t<meta property=\"og:image:height\" content=\"2560\" \/>\n\t<meta property=\"og:image:type\" content=\"image\/jpeg\" \/>\n<meta name=\"twitter:card\" content=\"summary_large_image\" \/>\n<meta name=\"twitter:label1\" content=\"Dur\u00e9e de lecture estim\u00e9e\" \/>\n\t<meta name=\"twitter:data1\" content=\"1 minute\" \/>\n<script type=\"application\/ld+json\" class=\"yoast-schema-graph\">{\"@context\":\"https:\\\/\\\/schema.org\",\"@graph\":[{\"@type\":\"WebPage\",\"@id\":\"https:\\\/\\\/www.swiss-aquatics.ch\\\/fr\\\/produkt\\\/swiss-aquatics-official-swimming-arena-polo-unisex-rouge\\\/\",\"url\":\"https:\\\/\\\/www.swiss-aquatics.ch\\\/fr\\\/produkt\\\/swiss-aquatics-official-swimming-arena-polo-unisex-rouge\\\/\",\"name\":\"Juge Arbitre Swimming Polo - rouge - Swiss Aquatics\",\"isPartOf\":{\"@id\":\"https:\\\/\\\/www.swiss-aquatics.ch\\\/fr\\\/#website\"},\"primaryImageOfPage\":{\"@id\":\"https:\\\/\\\/www.swiss-aquatics.ch\\\/fr\\\/produkt\\\/swiss-aquatics-official-swimming-arena-polo-unisex-rouge\\\/#primaryimage\"},\"image\":{\"@id\":\"https:\\\/\\\/www.swiss-aquatics.ch\\\/fr\\\/produkt\\\/swiss-aquatics-official-swimming-arena-polo-unisex-rouge\\\/#primaryimage\"},\"thumbnailUrl\":\"https:\\\/\\\/www.swiss-aquatics.ch\\\/wp-content\\\/uploads\\\/2025\\\/06\\\/2025_Alexis_Z9-6477-scaled.jpg\",\"datePublished\":\"2025-06-05T15:17:05+00:00\",\"dateModified\":\"2025-08-21T11:24:51+00:00\",\"breadcrumb\":{\"@id\":\"https:\\\/\\\/www.swiss-aquatics.ch\\\/fr\\\/produkt\\\/swiss-aquatics-official-swimming-arena-polo-unisex-rouge\\\/#breadcrumb\"},\"inLanguage\":\"fr-FR\",\"potentialAction\":[{\"@type\":\"ReadAction\",\"target\":[\"https:\\\/\\\/www.swiss-aquatics.ch\\\/fr\\\/produkt\\\/swiss-aquatics-official-swimming-arena-polo-unisex-rouge\\\/\"]}]},{\"@type\":\"ImageObject\",\"inLanguage\":\"fr-FR\",\"@id\":\"https:\\\/\\\/www.swiss-aquatics.ch\\\/fr\\\/produkt\\\/swiss-aquatics-official-swimming-arena-polo-unisex-rouge\\\/#primaryimage\",\"url\":\"https:\\\/\\\/www.swiss-aquatics.ch\\\/wp-content\\\/uploads\\\/2025\\\/06\\\/2025_Alexis_Z9-6477-scaled.jpg\",\"contentUrl\":\"https:\\\/\\\/www.swiss-aquatics.ch\\\/wp-content\\\/uploads\\\/2025\\\/06\\\/2025_Alexis_Z9-6477-scaled.jpg\",\"width\":1705,\"height\":2560},{\"@type\":\"BreadcrumbList\",\"@id\":\"https:\\\/\\\/www.swiss-aquatics.ch\\\/fr\\\/produkt\\\/swiss-aquatics-official-swimming-arena-polo-unisex-rouge\\\/#breadcrumb\",\"itemListElement\":[{\"@type\":\"ListItem\",\"position\":1,\"name\":\"Page d'accueil\",\"item\":\"https:\\\/\\\/www.swiss-aquatics.ch\\\/fr\\\/page-daccueil\\\/\"},{\"@type\":\"ListItem\",\"position\":2,\"name\":\"Shop\",\"item\":\"https:\\\/\\\/www.swiss-aquatics.ch\\\/fr\\\/shop\\\/\"},{\"@type\":\"ListItem\",\"position\":3,\"name\":\"Juge Arbitre Swimming Polo &#8211; rouge\"}]},{\"@type\":\"WebSite\",\"@id\":\"https:\\\/\\\/www.swiss-aquatics.ch\\\/fr\\\/#website\",\"url\":\"https:\\\/\\\/www.swiss-aquatics.ch\\\/fr\\\/\",\"name\":\"Swiss Aquatics\",\"description\":\"\",\"publisher\":{\"@id\":\"https:\\\/\\\/www.swiss-aquatics.ch\\\/fr\\\/#organization\"},\"potentialAction\":[{\"@type\":\"SearchAction\",\"target\":{\"@type\":\"EntryPoint\",\"urlTemplate\":\"https:\\\/\\\/www.swiss-aquatics.ch\\\/fr\\\/?s={search_term_string}\"},\"query-input\":{\"@type\":\"PropertyValueSpecification\",\"valueRequired\":true,\"valueName\":\"search_term_string\"}}],\"inLanguage\":\"fr-FR\"},{\"@type\":\"Organization\",\"@id\":\"https:\\\/\\\/www.swiss-aquatics.ch\\\/fr\\\/#organization\",\"name\":\"Swiss Aquatics\",\"url\":\"https:\\\/\\\/www.swiss-aquatics.ch\\\/fr\\\/\",\"logo\":{\"@type\":\"ImageObject\",\"inLanguage\":\"fr-FR\",\"@id\":\"https:\\\/\\\/www.swiss-aquatics.ch\\\/fr\\\/#\\\/schema\\\/logo\\\/image\\\/\",\"url\":\"https:\\\/\\\/www.swiss-aquatics.ch\\\/wp-content\\\/uploads\\\/2020\\\/12\\\/logo.png\",\"contentUrl\":\"https:\\\/\\\/www.swiss-aquatics.ch\\\/wp-content\\\/uploads\\\/2020\\\/12\\\/logo.png\",\"width\":580,\"height\":58,\"caption\":\"Swiss Aquatics\"},\"image\":{\"@id\":\"https:\\\/\\\/www.swiss-aquatics.ch\\\/fr\\\/#\\\/schema\\\/logo\\\/image\\\/\"}}]}<\/script>\n<!-- \/ Yoast SEO plugin. -->","yoast_head_json":{"title":"Juge Arbitre Swimming Polo - rouge - Swiss Aquatics","robots":{"index":"index","follow":"follow","max-snippet":"max-snippet:-1","max-image-preview":"max-image-preview:large","max-video-preview":"max-video-preview:-1"},"canonical":"https:\/\/www.swiss-aquatics.ch\/fr\/produkt\/swiss-aquatics-official-swimming-arena-polo-unisex-rouge\/","og_locale":"fr_FR","og_type":"article","og_title":"Juge Arbitre Swimming Polo - rouge - Swiss Aquatics","og_description":"Veuillez noter que ce polo est uniquement destin\u00e9 aux juges arbitres\u00a0(pas aux starters)\u00a0 et \u00e0 la natation ! &nbsp; Swiss Aquatics Officials Swimming Arena Team Poloshirt Solid Cotton (Unisex) Couleur : rouge Informations sur le produit : Polo de haute qualit\u00e9 et extr\u00eamement confortable pour hommes et femmes Coton doux, coupe normale Polo sportif \u00e0 &hellip; Continued","og_url":"https:\/\/www.swiss-aquatics.ch\/fr\/produkt\/swiss-aquatics-official-swimming-arena-polo-unisex-rouge\/","og_site_name":"Swiss Aquatics","article_modified_time":"2025-08-21T11:24:51+00:00","og_image":[{"width":1705,"height":2560,"url":"https:\/\/www.swiss-aquatics.ch\/wp-content\/uploads\/2025\/06\/2025_Alexis_Z9-6477-scaled.jpg","type":"image\/jpeg"}],"twitter_card":"summary_large_image","twitter_misc":{"Dur\u00e9e de lecture estim\u00e9e":"1 minute"},"schema":{"@context":"https:\/\/schema.org","@graph":[{"@type":"WebPage","@id":"https:\/\/www.swiss-aquatics.ch\/fr\/produkt\/swiss-aquatics-official-swimming-arena-polo-unisex-rouge\/","url":"https:\/\/www.swiss-aquatics.ch\/fr\/produkt\/swiss-aquatics-official-swimming-arena-polo-unisex-rouge\/","name":"Juge Arbitre Swimming Polo - rouge - Swiss Aquatics","isPartOf":{"@id":"https:\/\/www.swiss-aquatics.ch\/fr\/#website"},"primaryImageOfPage":{"@id":"https:\/\/www.swiss-aquatics.ch\/fr\/produkt\/swiss-aquatics-official-swimming-arena-polo-unisex-rouge\/#primaryimage"},"image":{"@id":"https:\/\/www.swiss-aquatics.ch\/fr\/produkt\/swiss-aquatics-official-swimming-arena-polo-unisex-rouge\/#primaryimage"},"thumbnailUrl":"https:\/\/www.swiss-aquatics.ch\/wp-content\/uploads\/2025\/06\/2025_Alexis_Z9-6477-scaled.jpg","datePublished":"2025-06-05T15:17:05+00:00","dateModified":"2025-08-21T11:24:51+00:00","breadcrumb":{"@id":"https:\/\/www.swiss-aquatics.ch\/fr\/produkt\/swiss-aquatics-official-swimming-arena-polo-unisex-rouge\/#breadcrumb"},"inLanguage":"fr-FR","potentialAction":[{"@type":"ReadAction","target":["https:\/\/www.swiss-aquatics.ch\/fr\/produkt\/swiss-aquatics-official-swimming-arena-polo-unisex-rouge\/"]}]},{"@type":"ImageObject","inLanguage":"fr-FR","@id":"https:\/\/www.swiss-aquatics.ch\/fr\/produkt\/swiss-aquatics-official-swimming-arena-polo-unisex-rouge\/#primaryimage","url":"https:\/\/www.swiss-aquatics.ch\/wp-content\/uploads\/2025\/06\/2025_Alexis_Z9-6477-scaled.jpg","contentUrl":"https:\/\/www.swiss-aquatics.ch\/wp-content\/uploads\/2025\/06\/2025_Alexis_Z9-6477-scaled.jpg","width":1705,"height":2560},{"@type":"BreadcrumbList","@id":"https:\/\/www.swiss-aquatics.ch\/fr\/produkt\/swiss-aquatics-official-swimming-arena-polo-unisex-rouge\/#breadcrumb","itemListElement":[{"@type":"ListItem","position":1,"name":"Page d'accueil","item":"https:\/\/www.swiss-aquatics.ch\/fr\/page-daccueil\/"},{"@type":"ListItem","position":2,"name":"Shop","item":"https:\/\/www.swiss-aquatics.ch\/fr\/shop\/"},{"@type":"ListItem","position":3,"name":"Juge Arbitre Swimming Polo &#8211; rouge"}]},{"@type":"WebSite","@id":"https:\/\/www.swiss-aquatics.ch\/fr\/#website","url":"https:\/\/www.swiss-aquatics.ch\/fr\/","name":"Swiss Aquatics","description":"","publisher":{"@id":"https:\/\/www.swiss-aquatics.ch\/fr\/#organization"},"potentialAction":[{"@type":"SearchAction","target":{"@type":"EntryPoint","urlTemplate":"https:\/\/www.swiss-aquatics.ch\/fr\/?s={search_term_string}"},"query-input":{"@type":"PropertyValueSpecification","valueRequired":true,"valueName":"search_term_string"}}],"inLanguage":"fr-FR"},{"@type":"Organization","@id":"https:\/\/www.swiss-aquatics.ch\/fr\/#organization","name":"Swiss Aquatics","url":"https:\/\/www.swiss-aquatics.ch\/fr\/","logo":{"@type":"ImageObject","inLanguage":"fr-FR","@id":"https:\/\/www.swiss-aquatics.ch\/fr\/#\/schema\/logo\/image\/","url":"https:\/\/www.swiss-aquatics.ch\/wp-content\/uploads\/2020\/12\/logo.png","contentUrl":"https:\/\/www.swiss-aquatics.ch\/wp-content\/uploads\/2020\/12\/logo.png","width":580,"height":58,"caption":"Swiss Aquatics"},"image":{"@id":"https:\/\/www.swiss-aquatics.ch\/fr\/#\/schema\/logo\/image\/"}}]}},"_links":{"self":[{"href":"https:\/\/www.swiss-aquatics.ch\/fr\/wp-json\/wp\/v2\/product\/85800","targetHints":{"allow":["GET"]}}],"collection":[{"href":"https:\/\/www.swiss-aquatics.ch\/fr\/wp-json\/wp\/v2\/product"}],"about":[{"href":"https:\/\/www.swiss-aquatics.ch\/fr\/wp-json\/wp\/v2\/types\/product"}],"version-history":[{"count":9,"href":"https:\/\/www.swiss-aquatics.ch\/fr\/wp-json\/wp\/v2\/product\/85800\/revisions"}],"predecessor-version":[{"id":90611,"href":"https:\/\/www.swiss-aquatics.ch\/fr\/wp-json\/wp\/v2\/product\/85800\/revisions\/90611"}],"wp:featuredmedia":[{"embeddable":true,"href":"https:\/\/www.swiss-aquatics.ch\/fr\/wp-json\/wp\/v2\/media\/90534"}],"wp:attachment":[{"href":"https:\/\/www.swiss-aquatics.ch\/fr\/wp-json\/wp\/v2\/media?parent=85800"}],"wp:term":[{"taxonomy":"product_brand","embeddable":true,"href":"https:\/\/www.swiss-aquatics.ch\/fr\/wp-json\/wp\/v2\/product_brand?post=85800"},{"taxonomy":"product_cat","embeddable":true,"href":"https:\/\/www.swiss-aquatics.ch\/fr\/wp-json\/wp\/v2\/product_cat?post=85800"},{"taxonomy":"product_tag","embeddable":true,"href":"https:\/\/www.swiss-aquatics.ch\/fr\/wp-json\/wp\/v2\/product_tag?post=85800"}],"curies":[{"name":"wp","href":"https:\/\/api.w.org\/{rel}","templated":true}]}}