{"id":85833,"date":"2025-06-05T17:20:56","date_gmt":"2025-06-05T15:20:56","guid":{"rendered":"https:\/\/www.swiss-aquatics.ch\/?post_type=product&#038;p=85833"},"modified":"2025-06-05T17:20:57","modified_gmt":"2025-06-05T15:20:57","slug":"swiss-aquatics-swimming-cap","status":"publish","type":"product","link":"https:\/\/www.swiss-aquatics.ch\/fr\/produkt\/swiss-aquatics-swimming-cap\/","title":{"rendered":"Swiss Aquatics Swimming Cap"},"content":{"rendered":"<p>Swiss Aquatics Swimming Running Cap &#8211; l\u00e9ger &amp; respirant<\/p>\n<p>La casquette officielle Swiss Aquatics Swimming Running Cap allie fonctionnalit\u00e9 et style &#8211; parfaite pour les entra\u00eenements, les journ\u00e9es de comp\u00e9tition et les moments ensoleill\u00e9s au bord du bassin.<\/p>\n<p>Couleur : Blanc<\/p>\n<p>Unisexe<\/p>\n","protected":false},"excerpt":{"rendered":"<p>Swiss Aquatics Swimming Running Cap &#8211; l\u00e9ger &amp; respirant La casquette officielle Swiss Aquatics Swimming Running Cap allie fonctionnalit\u00e9 et style &#8211; parfaite pour les entra\u00eenements, les journ\u00e9es de comp\u00e9tition et les moments ensoleill\u00e9s au bord du bassin. Couleur : Blanc Unisexe<\/p>\n","protected":false},"featured_media":85793,"template":"","meta":{"_acf_changed":false,"footnotes":""},"product_brand":[],"product_cat":[113,131],"product_tag":[],"class_list":{"0":"post-85833","1":"product","2":"type-product","3":"status-publish","4":"has-post-thumbnail","6":"product_cat-federation-fr","7":"product_cat-natation","9":"first","10":"instock","11":"taxable","12":"shipping-taxable","13":"purchasable","14":"product-type-simple"},"acf":[],"yoast_head":"<!-- This site is optimized with the Yoast SEO plugin v27.4 - https:\/\/yoast.com\/product\/yoast-seo-wordpress\/ -->\n<title>Swiss Aquatics Swimming Cap - Swiss Aquatics<\/title>\n<meta name=\"robots\" content=\"index, follow, max-snippet:-1, max-image-preview:large, max-video-preview:-1\" \/>\n<link rel=\"canonical\" href=\"https:\/\/www.swiss-aquatics.ch\/fr\/produkt\/swiss-aquatics-swimming-cap\/\" \/>\n<meta property=\"og:locale\" content=\"fr_FR\" \/>\n<meta property=\"og:type\" content=\"article\" \/>\n<meta property=\"og:title\" content=\"Swiss Aquatics Swimming Cap - Swiss Aquatics\" \/>\n<meta property=\"og:description\" content=\"Swiss Aquatics Swimming Running Cap &#8211; l\u00e9ger &amp; respirant La casquette officielle Swiss Aquatics Swimming Running Cap allie fonctionnalit\u00e9 et style &#8211; parfaite pour les entra\u00eenements, les journ\u00e9es de comp\u00e9tition et les moments ensoleill\u00e9s au bord du bassin. Couleur : Blanc Unisexe\" \/>\n<meta property=\"og:url\" content=\"https:\/\/www.swiss-aquatics.ch\/fr\/produkt\/swiss-aquatics-swimming-cap\/\" \/>\n<meta property=\"og:site_name\" content=\"Swiss Aquatics\" \/>\n<meta property=\"article:modified_time\" content=\"2025-06-05T15:20:57+00:00\" \/>\n<meta property=\"og:image\" content=\"https:\/\/www.swiss-aquatics.ch\/wp-content\/uploads\/2025\/06\/SAS-Cap-scaled.jpg\" \/>\n\t<meta property=\"og:image:width\" content=\"1920\" \/>\n\t<meta property=\"og:image:height\" content=\"2560\" \/>\n\t<meta property=\"og:image:type\" content=\"image\/jpeg\" \/>\n<meta name=\"twitter:card\" content=\"summary_large_image\" \/>\n<meta name=\"twitter:label1\" content=\"Dur\u00e9e de lecture estim\u00e9e\" \/>\n\t<meta name=\"twitter:data1\" content=\"1 minute\" \/>\n<script type=\"application\/ld+json\" class=\"yoast-schema-graph\">{\"@context\":\"https:\\\/\\\/schema.org\",\"@graph\":[{\"@type\":\"WebPage\",\"@id\":\"https:\\\/\\\/www.swiss-aquatics.ch\\\/fr\\\/produkt\\\/swiss-aquatics-swimming-cap\\\/\",\"url\":\"https:\\\/\\\/www.swiss-aquatics.ch\\\/fr\\\/produkt\\\/swiss-aquatics-swimming-cap\\\/\",\"name\":\"Swiss Aquatics Swimming Cap - Swiss Aquatics\",\"isPartOf\":{\"@id\":\"https:\\\/\\\/www.swiss-aquatics.ch\\\/fr\\\/#website\"},\"primaryImageOfPage\":{\"@id\":\"https:\\\/\\\/www.swiss-aquatics.ch\\\/fr\\\/produkt\\\/swiss-aquatics-swimming-cap\\\/#primaryimage\"},\"image\":{\"@id\":\"https:\\\/\\\/www.swiss-aquatics.ch\\\/fr\\\/produkt\\\/swiss-aquatics-swimming-cap\\\/#primaryimage\"},\"thumbnailUrl\":\"https:\\\/\\\/www.swiss-aquatics.ch\\\/wp-content\\\/uploads\\\/2025\\\/06\\\/SAS-Cap-scaled.jpg\",\"datePublished\":\"2025-06-05T15:20:56+00:00\",\"dateModified\":\"2025-06-05T15:20:57+00:00\",\"breadcrumb\":{\"@id\":\"https:\\\/\\\/www.swiss-aquatics.ch\\\/fr\\\/produkt\\\/swiss-aquatics-swimming-cap\\\/#breadcrumb\"},\"inLanguage\":\"fr-FR\",\"potentialAction\":[{\"@type\":\"ReadAction\",\"target\":[\"https:\\\/\\\/www.swiss-aquatics.ch\\\/fr\\\/produkt\\\/swiss-aquatics-swimming-cap\\\/\"]}]},{\"@type\":\"ImageObject\",\"inLanguage\":\"fr-FR\",\"@id\":\"https:\\\/\\\/www.swiss-aquatics.ch\\\/fr\\\/produkt\\\/swiss-aquatics-swimming-cap\\\/#primaryimage\",\"url\":\"https:\\\/\\\/www.swiss-aquatics.ch\\\/wp-content\\\/uploads\\\/2025\\\/06\\\/SAS-Cap-scaled.jpg\",\"contentUrl\":\"https:\\\/\\\/www.swiss-aquatics.ch\\\/wp-content\\\/uploads\\\/2025\\\/06\\\/SAS-Cap-scaled.jpg\",\"width\":1920,\"height\":2560},{\"@type\":\"BreadcrumbList\",\"@id\":\"https:\\\/\\\/www.swiss-aquatics.ch\\\/fr\\\/produkt\\\/swiss-aquatics-swimming-cap\\\/#breadcrumb\",\"itemListElement\":[{\"@type\":\"ListItem\",\"position\":1,\"name\":\"Page d'accueil\",\"item\":\"https:\\\/\\\/www.swiss-aquatics.ch\\\/fr\\\/page-daccueil\\\/\"},{\"@type\":\"ListItem\",\"position\":2,\"name\":\"Shop\",\"item\":\"https:\\\/\\\/www.swiss-aquatics.ch\\\/fr\\\/shop\\\/\"},{\"@type\":\"ListItem\",\"position\":3,\"name\":\"Swiss Aquatics Swimming Cap\"}]},{\"@type\":\"WebSite\",\"@id\":\"https:\\\/\\\/www.swiss-aquatics.ch\\\/fr\\\/#website\",\"url\":\"https:\\\/\\\/www.swiss-aquatics.ch\\\/fr\\\/\",\"name\":\"Swiss Aquatics\",\"description\":\"\",\"publisher\":{\"@id\":\"https:\\\/\\\/www.swiss-aquatics.ch\\\/fr\\\/#organization\"},\"potentialAction\":[{\"@type\":\"SearchAction\",\"target\":{\"@type\":\"EntryPoint\",\"urlTemplate\":\"https:\\\/\\\/www.swiss-aquatics.ch\\\/fr\\\/?s={search_term_string}\"},\"query-input\":{\"@type\":\"PropertyValueSpecification\",\"valueRequired\":true,\"valueName\":\"search_term_string\"}}],\"inLanguage\":\"fr-FR\"},{\"@type\":\"Organization\",\"@id\":\"https:\\\/\\\/www.swiss-aquatics.ch\\\/fr\\\/#organization\",\"name\":\"Swiss Aquatics\",\"url\":\"https:\\\/\\\/www.swiss-aquatics.ch\\\/fr\\\/\",\"logo\":{\"@type\":\"ImageObject\",\"inLanguage\":\"fr-FR\",\"@id\":\"https:\\\/\\\/www.swiss-aquatics.ch\\\/fr\\\/#\\\/schema\\\/logo\\\/image\\\/\",\"url\":\"https:\\\/\\\/www.swiss-aquatics.ch\\\/wp-content\\\/uploads\\\/2020\\\/12\\\/logo.png\",\"contentUrl\":\"https:\\\/\\\/www.swiss-aquatics.ch\\\/wp-content\\\/uploads\\\/2020\\\/12\\\/logo.png\",\"width\":580,\"height\":58,\"caption\":\"Swiss Aquatics\"},\"image\":{\"@id\":\"https:\\\/\\\/www.swiss-aquatics.ch\\\/fr\\\/#\\\/schema\\\/logo\\\/image\\\/\"}}]}<\/script>\n<!-- \/ Yoast SEO plugin. -->","yoast_head_json":{"title":"Swiss Aquatics Swimming Cap - Swiss Aquatics","robots":{"index":"index","follow":"follow","max-snippet":"max-snippet:-1","max-image-preview":"max-image-preview:large","max-video-preview":"max-video-preview:-1"},"canonical":"https:\/\/www.swiss-aquatics.ch\/fr\/produkt\/swiss-aquatics-swimming-cap\/","og_locale":"fr_FR","og_type":"article","og_title":"Swiss Aquatics Swimming Cap - Swiss Aquatics","og_description":"Swiss Aquatics Swimming Running Cap &#8211; l\u00e9ger &amp; respirant La casquette officielle Swiss Aquatics Swimming Running Cap allie fonctionnalit\u00e9 et style &#8211; parfaite pour les entra\u00eenements, les journ\u00e9es de comp\u00e9tition et les moments ensoleill\u00e9s au bord du bassin. Couleur : Blanc Unisexe","og_url":"https:\/\/www.swiss-aquatics.ch\/fr\/produkt\/swiss-aquatics-swimming-cap\/","og_site_name":"Swiss Aquatics","article_modified_time":"2025-06-05T15:20:57+00:00","og_image":[{"width":1920,"height":2560,"url":"https:\/\/www.swiss-aquatics.ch\/wp-content\/uploads\/2025\/06\/SAS-Cap-scaled.jpg","type":"image\/jpeg"}],"twitter_card":"summary_large_image","twitter_misc":{"Dur\u00e9e de lecture estim\u00e9e":"1 minute"},"schema":{"@context":"https:\/\/schema.org","@graph":[{"@type":"WebPage","@id":"https:\/\/www.swiss-aquatics.ch\/fr\/produkt\/swiss-aquatics-swimming-cap\/","url":"https:\/\/www.swiss-aquatics.ch\/fr\/produkt\/swiss-aquatics-swimming-cap\/","name":"Swiss Aquatics Swimming Cap - Swiss Aquatics","isPartOf":{"@id":"https:\/\/www.swiss-aquatics.ch\/fr\/#website"},"primaryImageOfPage":{"@id":"https:\/\/www.swiss-aquatics.ch\/fr\/produkt\/swiss-aquatics-swimming-cap\/#primaryimage"},"image":{"@id":"https:\/\/www.swiss-aquatics.ch\/fr\/produkt\/swiss-aquatics-swimming-cap\/#primaryimage"},"thumbnailUrl":"https:\/\/www.swiss-aquatics.ch\/wp-content\/uploads\/2025\/06\/SAS-Cap-scaled.jpg","datePublished":"2025-06-05T15:20:56+00:00","dateModified":"2025-06-05T15:20:57+00:00","breadcrumb":{"@id":"https:\/\/www.swiss-aquatics.ch\/fr\/produkt\/swiss-aquatics-swimming-cap\/#breadcrumb"},"inLanguage":"fr-FR","potentialAction":[{"@type":"ReadAction","target":["https:\/\/www.swiss-aquatics.ch\/fr\/produkt\/swiss-aquatics-swimming-cap\/"]}]},{"@type":"ImageObject","inLanguage":"fr-FR","@id":"https:\/\/www.swiss-aquatics.ch\/fr\/produkt\/swiss-aquatics-swimming-cap\/#primaryimage","url":"https:\/\/www.swiss-aquatics.ch\/wp-content\/uploads\/2025\/06\/SAS-Cap-scaled.jpg","contentUrl":"https:\/\/www.swiss-aquatics.ch\/wp-content\/uploads\/2025\/06\/SAS-Cap-scaled.jpg","width":1920,"height":2560},{"@type":"BreadcrumbList","@id":"https:\/\/www.swiss-aquatics.ch\/fr\/produkt\/swiss-aquatics-swimming-cap\/#breadcrumb","itemListElement":[{"@type":"ListItem","position":1,"name":"Page d'accueil","item":"https:\/\/www.swiss-aquatics.ch\/fr\/page-daccueil\/"},{"@type":"ListItem","position":2,"name":"Shop","item":"https:\/\/www.swiss-aquatics.ch\/fr\/shop\/"},{"@type":"ListItem","position":3,"name":"Swiss Aquatics Swimming Cap"}]},{"@type":"WebSite","@id":"https:\/\/www.swiss-aquatics.ch\/fr\/#website","url":"https:\/\/www.swiss-aquatics.ch\/fr\/","name":"Swiss Aquatics","description":"","publisher":{"@id":"https:\/\/www.swiss-aquatics.ch\/fr\/#organization"},"potentialAction":[{"@type":"SearchAction","target":{"@type":"EntryPoint","urlTemplate":"https:\/\/www.swiss-aquatics.ch\/fr\/?s={search_term_string}"},"query-input":{"@type":"PropertyValueSpecification","valueRequired":true,"valueName":"search_term_string"}}],"inLanguage":"fr-FR"},{"@type":"Organization","@id":"https:\/\/www.swiss-aquatics.ch\/fr\/#organization","name":"Swiss Aquatics","url":"https:\/\/www.swiss-aquatics.ch\/fr\/","logo":{"@type":"ImageObject","inLanguage":"fr-FR","@id":"https:\/\/www.swiss-aquatics.ch\/fr\/#\/schema\/logo\/image\/","url":"https:\/\/www.swiss-aquatics.ch\/wp-content\/uploads\/2020\/12\/logo.png","contentUrl":"https:\/\/www.swiss-aquatics.ch\/wp-content\/uploads\/2020\/12\/logo.png","width":580,"height":58,"caption":"Swiss Aquatics"},"image":{"@id":"https:\/\/www.swiss-aquatics.ch\/fr\/#\/schema\/logo\/image\/"}}]}},"_links":{"self":[{"href":"https:\/\/www.swiss-aquatics.ch\/fr\/wp-json\/wp\/v2\/product\/85833","targetHints":{"allow":["GET"]}}],"collection":[{"href":"https:\/\/www.swiss-aquatics.ch\/fr\/wp-json\/wp\/v2\/product"}],"about":[{"href":"https:\/\/www.swiss-aquatics.ch\/fr\/wp-json\/wp\/v2\/types\/product"}],"version-history":[{"count":1,"href":"https:\/\/www.swiss-aquatics.ch\/fr\/wp-json\/wp\/v2\/product\/85833\/revisions"}],"predecessor-version":[{"id":85834,"href":"https:\/\/www.swiss-aquatics.ch\/fr\/wp-json\/wp\/v2\/product\/85833\/revisions\/85834"}],"wp:featuredmedia":[{"embeddable":true,"href":"https:\/\/www.swiss-aquatics.ch\/fr\/wp-json\/wp\/v2\/media\/85793"}],"wp:attachment":[{"href":"https:\/\/www.swiss-aquatics.ch\/fr\/wp-json\/wp\/v2\/media?parent=85833"}],"wp:term":[{"taxonomy":"product_brand","embeddable":true,"href":"https:\/\/www.swiss-aquatics.ch\/fr\/wp-json\/wp\/v2\/product_brand?post=85833"},{"taxonomy":"product_cat","embeddable":true,"href":"https:\/\/www.swiss-aquatics.ch\/fr\/wp-json\/wp\/v2\/product_cat?post=85833"},{"taxonomy":"product_tag","embeddable":true,"href":"https:\/\/www.swiss-aquatics.ch\/fr\/wp-json\/wp\/v2\/product_tag?post=85833"}],"curies":[{"name":"wp","href":"https:\/\/api.w.org\/{rel}","templated":true}]}}