{"id":8697,"date":"2020-12-15T11:18:13","date_gmt":"2020-12-15T10:18:13","guid":{"rendered":"http:\/\/swiss-aquatics.ch.adresult6.nine.ch\/produkt\/teachers-guide-f\/"},"modified":"2026-02-20T21:43:55","modified_gmt":"2026-02-20T20:43:55","slug":"teachers-guide-f","status":"publish","type":"product","link":"https:\/\/www.swiss-aquatics.ch\/fr\/produkt\/teachers-guide-f\/","title":{"rendered":"Teachers Guide"},"content":{"rendered":"<p>Nous nageons devant!<br \/>\nEn tant que f\u00e9d\u00e9ration nationale sp\u00e9cialis\u00e9e et fa\u00eeti\u00e8re du mouvement dans l\u2019eau, Swiss Aquatics est la force motrice de la natation suisse. En tant qu\u2019instance directrice de la formation aquatique, nous fixons maintenant aussi une nouvelle r\u00e9f\u00e9rence pour animer et encourager les plus jeunes, avec un syst\u00e8me de formation cons\u00e9quent, efficace qui motive les enfants, les fait progresser et les amusent: la formation Swiss Aquatics Kids.<br \/>\nLes Kids nagent avec nous!<br \/>\nL\u2019objectif principal de la formation Swiss Aquatics Kids est d\u2019apprendre aux enfants \u00e0 nager. Notre but \u00e0 long terme consiste \u00e0 enthousiasmer encore plus d\u2019enfants pour la natation. Nous pouvons y arriver en les familiarisant tout d\u2019abord avec l\u2019eau, puis en \u00e9veillant en eux de fa\u00e7on ludique l\u2019ambition personnelle. Pas \u00e0 pas et conform\u00e9ment \u00e0 leur \u00e2ge.<br \/>\nLe Teachers Guide vous aide \u00e0 atteindre les objectifs et \u00e0 planifier des cours attractifs et adapt\u00e9s \u00e0 l\u2019\u00e2ge.<\/p>\n","protected":false},"excerpt":{"rendered":"<p>Votre guide de formation Swiss Aquatics Kids<\/p>\n","protected":false},"featured_media":28328,"template":"","meta":{"_acf_changed":false,"footnotes":""},"product_brand":[],"product_cat":[132],"product_tag":[],"class_list":{"0":"post-8697","1":"product","2":"type-product","3":"status-publish","4":"has-post-thumbnail","6":"product_cat-education-fr-2","7":"product_shipping_class-lettre","9":"first","10":"instock","11":"taxable","12":"shipping-taxable","13":"purchasable","14":"product-type-variable"},"acf":[],"yoast_head":"<!-- This site is optimized with the Yoast SEO plugin v27.4 - https:\/\/yoast.com\/product\/yoast-seo-wordpress\/ -->\n<title>Teachers Guide - Swiss Aquatics<\/title>\n<meta name=\"robots\" content=\"index, follow, max-snippet:-1, max-image-preview:large, max-video-preview:-1\" \/>\n<link rel=\"canonical\" href=\"https:\/\/www.swiss-aquatics.ch\/fr\/produkt\/teachers-guide-f\/\" \/>\n<meta property=\"og:locale\" content=\"fr_FR\" \/>\n<meta property=\"og:type\" content=\"article\" \/>\n<meta property=\"og:title\" content=\"Teachers Guide - Swiss Aquatics\" \/>\n<meta property=\"og:description\" content=\"Votre guide de formation Swiss Aquatics Kids\" \/>\n<meta property=\"og:url\" content=\"https:\/\/www.swiss-aquatics.ch\/fr\/produkt\/teachers-guide-f\/\" \/>\n<meta property=\"og:site_name\" content=\"Swiss Aquatics\" \/>\n<meta property=\"article:modified_time\" content=\"2026-02-20T20:43:55+00:00\" \/>\n<meta name=\"twitter:card\" content=\"summary_large_image\" \/>\n<meta name=\"twitter:label1\" content=\"Dur\u00e9e de lecture estim\u00e9e\" \/>\n\t<meta name=\"twitter:data1\" content=\"1 minute\" \/>\n<script type=\"application\/ld+json\" class=\"yoast-schema-graph\">{\"@context\":\"https:\\\/\\\/schema.org\",\"@graph\":[{\"@type\":\"WebPage\",\"@id\":\"https:\\\/\\\/www.swiss-aquatics.ch\\\/fr\\\/produkt\\\/teachers-guide-f\\\/\",\"url\":\"https:\\\/\\\/www.swiss-aquatics.ch\\\/fr\\\/produkt\\\/teachers-guide-f\\\/\",\"name\":\"Teachers Guide - Swiss Aquatics\",\"isPartOf\":{\"@id\":\"https:\\\/\\\/www.swiss-aquatics.ch\\\/fr\\\/#website\"},\"primaryImageOfPage\":{\"@id\":\"https:\\\/\\\/www.swiss-aquatics.ch\\\/fr\\\/produkt\\\/teachers-guide-f\\\/#primaryimage\"},\"image\":{\"@id\":\"https:\\\/\\\/www.swiss-aquatics.ch\\\/fr\\\/produkt\\\/teachers-guide-f\\\/#primaryimage\"},\"thumbnailUrl\":\"https:\\\/\\\/www.swiss-aquatics.ch\\\/wp-content\\\/uploads\\\/2021\\\/11\\\/Teachers-Guide.png\",\"datePublished\":\"2020-12-15T10:18:13+00:00\",\"dateModified\":\"2026-02-20T20:43:55+00:00\",\"breadcrumb\":{\"@id\":\"https:\\\/\\\/www.swiss-aquatics.ch\\\/fr\\\/produkt\\\/teachers-guide-f\\\/#breadcrumb\"},\"inLanguage\":\"fr-FR\",\"potentialAction\":[{\"@type\":\"ReadAction\",\"target\":[\"https:\\\/\\\/www.swiss-aquatics.ch\\\/fr\\\/produkt\\\/teachers-guide-f\\\/\"]}]},{\"@type\":\"ImageObject\",\"inLanguage\":\"fr-FR\",\"@id\":\"https:\\\/\\\/www.swiss-aquatics.ch\\\/fr\\\/produkt\\\/teachers-guide-f\\\/#primaryimage\",\"url\":\"https:\\\/\\\/www.swiss-aquatics.ch\\\/wp-content\\\/uploads\\\/2021\\\/11\\\/Teachers-Guide.png\",\"contentUrl\":\"https:\\\/\\\/www.swiss-aquatics.ch\\\/wp-content\\\/uploads\\\/2021\\\/11\\\/Teachers-Guide.png\",\"width\":619,\"height\":877},{\"@type\":\"BreadcrumbList\",\"@id\":\"https:\\\/\\\/www.swiss-aquatics.ch\\\/fr\\\/produkt\\\/teachers-guide-f\\\/#breadcrumb\",\"itemListElement\":[{\"@type\":\"ListItem\",\"position\":1,\"name\":\"Page d'accueil\",\"item\":\"https:\\\/\\\/www.swiss-aquatics.ch\\\/fr\\\/page-daccueil\\\/\"},{\"@type\":\"ListItem\",\"position\":2,\"name\":\"Shop\",\"item\":\"https:\\\/\\\/www.swiss-aquatics.ch\\\/fr\\\/shop\\\/\"},{\"@type\":\"ListItem\",\"position\":3,\"name\":\"Tea\u00adchers&nbsp;Guide\"}]},{\"@type\":\"WebSite\",\"@id\":\"https:\\\/\\\/www.swiss-aquatics.ch\\\/fr\\\/#website\",\"url\":\"https:\\\/\\\/www.swiss-aquatics.ch\\\/fr\\\/\",\"name\":\"Swiss Aquatics\",\"description\":\"\",\"publisher\":{\"@id\":\"https:\\\/\\\/www.swiss-aquatics.ch\\\/fr\\\/#organization\"},\"potentialAction\":[{\"@type\":\"SearchAction\",\"target\":{\"@type\":\"EntryPoint\",\"urlTemplate\":\"https:\\\/\\\/www.swiss-aquatics.ch\\\/fr\\\/?s={search_term_string}\"},\"query-input\":{\"@type\":\"PropertyValueSpecification\",\"valueRequired\":true,\"valueName\":\"search_term_string\"}}],\"inLanguage\":\"fr-FR\"},{\"@type\":\"Organization\",\"@id\":\"https:\\\/\\\/www.swiss-aquatics.ch\\\/fr\\\/#organization\",\"name\":\"Swiss Aquatics\",\"url\":\"https:\\\/\\\/www.swiss-aquatics.ch\\\/fr\\\/\",\"logo\":{\"@type\":\"ImageObject\",\"inLanguage\":\"fr-FR\",\"@id\":\"https:\\\/\\\/www.swiss-aquatics.ch\\\/fr\\\/#\\\/schema\\\/logo\\\/image\\\/\",\"url\":\"https:\\\/\\\/www.swiss-aquatics.ch\\\/wp-content\\\/uploads\\\/2020\\\/12\\\/logo.png\",\"contentUrl\":\"https:\\\/\\\/www.swiss-aquatics.ch\\\/wp-content\\\/uploads\\\/2020\\\/12\\\/logo.png\",\"width\":580,\"height\":58,\"caption\":\"Swiss Aquatics\"},\"image\":{\"@id\":\"https:\\\/\\\/www.swiss-aquatics.ch\\\/fr\\\/#\\\/schema\\\/logo\\\/image\\\/\"}}]}<\/script>\n<!-- \/ Yoast SEO plugin. -->","yoast_head_json":{"title":"Teachers Guide - Swiss Aquatics","robots":{"index":"index","follow":"follow","max-snippet":"max-snippet:-1","max-image-preview":"max-image-preview:large","max-video-preview":"max-video-preview:-1"},"canonical":"https:\/\/www.swiss-aquatics.ch\/fr\/produkt\/teachers-guide-f\/","og_locale":"fr_FR","og_type":"article","og_title":"Teachers Guide - Swiss Aquatics","og_description":"Votre guide de formation Swiss Aquatics Kids","og_url":"https:\/\/www.swiss-aquatics.ch\/fr\/produkt\/teachers-guide-f\/","og_site_name":"Swiss Aquatics","article_modified_time":"2026-02-20T20:43:55+00:00","twitter_card":"summary_large_image","twitter_misc":{"Dur\u00e9e de lecture estim\u00e9e":"1 minute"},"schema":{"@context":"https:\/\/schema.org","@graph":[{"@type":"WebPage","@id":"https:\/\/www.swiss-aquatics.ch\/fr\/produkt\/teachers-guide-f\/","url":"https:\/\/www.swiss-aquatics.ch\/fr\/produkt\/teachers-guide-f\/","name":"Teachers Guide - Swiss Aquatics","isPartOf":{"@id":"https:\/\/www.swiss-aquatics.ch\/fr\/#website"},"primaryImageOfPage":{"@id":"https:\/\/www.swiss-aquatics.ch\/fr\/produkt\/teachers-guide-f\/#primaryimage"},"image":{"@id":"https:\/\/www.swiss-aquatics.ch\/fr\/produkt\/teachers-guide-f\/#primaryimage"},"thumbnailUrl":"https:\/\/www.swiss-aquatics.ch\/wp-content\/uploads\/2021\/11\/Teachers-Guide.png","datePublished":"2020-12-15T10:18:13+00:00","dateModified":"2026-02-20T20:43:55+00:00","breadcrumb":{"@id":"https:\/\/www.swiss-aquatics.ch\/fr\/produkt\/teachers-guide-f\/#breadcrumb"},"inLanguage":"fr-FR","potentialAction":[{"@type":"ReadAction","target":["https:\/\/www.swiss-aquatics.ch\/fr\/produkt\/teachers-guide-f\/"]}]},{"@type":"ImageObject","inLanguage":"fr-FR","@id":"https:\/\/www.swiss-aquatics.ch\/fr\/produkt\/teachers-guide-f\/#primaryimage","url":"https:\/\/www.swiss-aquatics.ch\/wp-content\/uploads\/2021\/11\/Teachers-Guide.png","contentUrl":"https:\/\/www.swiss-aquatics.ch\/wp-content\/uploads\/2021\/11\/Teachers-Guide.png","width":619,"height":877},{"@type":"BreadcrumbList","@id":"https:\/\/www.swiss-aquatics.ch\/fr\/produkt\/teachers-guide-f\/#breadcrumb","itemListElement":[{"@type":"ListItem","position":1,"name":"Page d'accueil","item":"https:\/\/www.swiss-aquatics.ch\/fr\/page-daccueil\/"},{"@type":"ListItem","position":2,"name":"Shop","item":"https:\/\/www.swiss-aquatics.ch\/fr\/shop\/"},{"@type":"ListItem","position":3,"name":"Tea\u00adchers&nbsp;Guide"}]},{"@type":"WebSite","@id":"https:\/\/www.swiss-aquatics.ch\/fr\/#website","url":"https:\/\/www.swiss-aquatics.ch\/fr\/","name":"Swiss Aquatics","description":"","publisher":{"@id":"https:\/\/www.swiss-aquatics.ch\/fr\/#organization"},"potentialAction":[{"@type":"SearchAction","target":{"@type":"EntryPoint","urlTemplate":"https:\/\/www.swiss-aquatics.ch\/fr\/?s={search_term_string}"},"query-input":{"@type":"PropertyValueSpecification","valueRequired":true,"valueName":"search_term_string"}}],"inLanguage":"fr-FR"},{"@type":"Organization","@id":"https:\/\/www.swiss-aquatics.ch\/fr\/#organization","name":"Swiss Aquatics","url":"https:\/\/www.swiss-aquatics.ch\/fr\/","logo":{"@type":"ImageObject","inLanguage":"fr-FR","@id":"https:\/\/www.swiss-aquatics.ch\/fr\/#\/schema\/logo\/image\/","url":"https:\/\/www.swiss-aquatics.ch\/wp-content\/uploads\/2020\/12\/logo.png","contentUrl":"https:\/\/www.swiss-aquatics.ch\/wp-content\/uploads\/2020\/12\/logo.png","width":580,"height":58,"caption":"Swiss Aquatics"},"image":{"@id":"https:\/\/www.swiss-aquatics.ch\/fr\/#\/schema\/logo\/image\/"}}]}},"_links":{"self":[{"href":"https:\/\/www.swiss-aquatics.ch\/fr\/wp-json\/wp\/v2\/product\/8697","targetHints":{"allow":["GET"]}}],"collection":[{"href":"https:\/\/www.swiss-aquatics.ch\/fr\/wp-json\/wp\/v2\/product"}],"about":[{"href":"https:\/\/www.swiss-aquatics.ch\/fr\/wp-json\/wp\/v2\/types\/product"}],"version-history":[{"count":0,"href":"https:\/\/www.swiss-aquatics.ch\/fr\/wp-json\/wp\/v2\/product\/8697\/revisions"}],"wp:featuredmedia":[{"embeddable":true,"href":"https:\/\/www.swiss-aquatics.ch\/fr\/wp-json\/wp\/v2\/media\/28328"}],"wp:attachment":[{"href":"https:\/\/www.swiss-aquatics.ch\/fr\/wp-json\/wp\/v2\/media?parent=8697"}],"wp:term":[{"taxonomy":"product_brand","embeddable":true,"href":"https:\/\/www.swiss-aquatics.ch\/fr\/wp-json\/wp\/v2\/product_brand?post=8697"},{"taxonomy":"product_cat","embeddable":true,"href":"https:\/\/www.swiss-aquatics.ch\/fr\/wp-json\/wp\/v2\/product_cat?post=8697"},{"taxonomy":"product_tag","embeddable":true,"href":"https:\/\/www.swiss-aquatics.ch\/fr\/wp-json\/wp\/v2\/product_tag?post=8697"}],"curies":[{"name":"wp","href":"https:\/\/api.w.org\/{rel}","templated":true}]}}