{"id":8705,"date":"2020-12-15T11:12:25","date_gmt":"2020-12-15T10:12:25","guid":{"rendered":"http:\/\/swiss-aquatics.ch.adresult6.nine.ch\/produkt\/bouee-de-natation-pink-l\/"},"modified":"2025-07-14T10:41:27","modified_gmt":"2025-07-14T08:41:27","slug":"bouee-de-natation-pink-l","status":"publish","type":"product","link":"https:\/\/www.swiss-aquatics.ch\/fr\/produkt\/bouee-de-natation-pink-l\/","title":{"rendered":"Bou\u00e9e de natation Pink L"},"content":{"rendered":"<div id=\"ext-gen443\" class=\"x-panel-body x-panel-body-noheader x-panel-body-noborder\">\n<div id=\"ext-comp-1240\" class=\"x-panel Webshop detail x-panel-noborder x-form-label-left\">\n<div id=\"ext-gen454\" class=\"x-panel-bwrap\">\n<form id=\"ext-gen440\" class=\"x-panel-body x-panel-body-noheader x-panel-body-noborder x-form\" method=\"POST\">\n<div id=\"ext-comp-1241\" class=\"box1-value VerticalBox x-form-label-left gte-1100 gte-1050 gte-1000 gte-950 gte-900 gte-850 gte-800 gte-750 gte-700 gte-650 gte-600 gte-550 gte-500 gte-450 gte-400 gte-350 gte-300 gte-250 gte-200 gte-150 gte-100 gte-50 width-classes-set\">\n<div id=\"ext-comp-1258\" class=\"box3-value HorizontalBox gte-1100 gte-1050 gte-1000 gte-950 gte-900 gte-850 gte-800 gte-750 gte-700 gte-650 gte-600 gte-550 gte-500 gte-450 gte-400 gte-350 gte-300 gte-250 gte-200 gte-150 gte-100 gte-50 width-classes-set x-column-layout-ct\">\n<div id=\"ext-gen509\" class=\"x-column-inner\">\n<div id=\"ext-comp-1259\" class=\"box1-value VerticalBox x-form-label-left x-column gte-1100 gte-1050 gte-1000 gte-950 gte-900 gte-850 gte-800 gte-750 gte-700 gte-650 gte-600 gte-550 gte-500 gte-450 gte-400 gte-350 gte-300 gte-250 gte-200 gte-150 gte-100 gte-50 width-classes-set\">\n<div id=\"ext-gen512\" class=\"x-form-item description_detail_fr-item x-hide-label\" tabindex=\"-1\">\n<div id=\"x-form-el-ext-comp-1260\" class=\"x-form-element\">\n<div id=\"ext-comp-1260\" class=\"x-form-display-field description_detail_fr-value\">\n<p>La bou\u00e9e de natation est un sac gonflable \u00e9tanche sp\u00e9cialement con\u00e7u pour garantir plus de s\u00e9curit\u00e9, de visibilit\u00e9 et de confort aux nageurs en eau libre. Gr\u00e2ce \u00e0 sa couleur vive, tu es bien visible dans l&rsquo;eau et donc mieux prot\u00e9g\u00e9. Finalement, vous pouvez ranger vos effets personnels dans une poche \u00e9tanche et les emmener avec vous sans que cela g\u00eane vos mouvements ou le rythme de nage. Le \u00ab\u00a0sac bou\u00e9e\u00a0\u00bb n\u2019a aucune influence sur la position du corps, ni sur la bonne ex\u00e9cution du battement de jambes.<\/p>\n<p><strong>La bou\u00e9e de natation ne convient pas aux personnes qui ne savent pas nager ou comme aide \u00e0 la natation.<\/strong><\/p>\n<p>&nbsp;<\/p>\n<p>Et voici comment cela fonctionne : <a href=\"https:\/\/vimeo.com\/18324686\">https:\/\/vimeo.com\/18324686<\/a><\/p>\n<\/div>\n<\/div>\n<div class=\"x-form-clear-left\"><\/div>\n<\/div>\n<\/div>\n<\/div>\n<\/div>\n<\/div>\n<\/form>\n<\/div>\n<\/div>\n<\/div>\n<div id=\"ext-gen444\" class=\"x-panel-footer x-panel-footer-noborder x-panel-btns\">\n<div id=\"ext-comp-1272\" class=\"x-panel-fbar x-small-editor x-toolbar-layout-ct\"><\/div>\n<\/div>\n","protected":false},"excerpt":{"rendered":"<div id=\"ext-gen495\" class=\"x-form-item description_fr-item\" tabindex=\"-1\">\n<div id=\"x-form-el-ext-comp-1251\" class=\"x-form-element\">\n<div id=\"ext-comp-1251\" class=\"x-form-display-field description_fr-value\">Visibilit\u00e9 et espace de rangement pour le \/ la nageur \/ nageuse en eau libre, 28 litre,<br \/>\n37 x 72 cm<\/div>\n<\/div>\n<div class=\"x-form-clear-left\"><\/div>\n<\/div>\n<div id=\"ext-gen497\" class=\"x-form-item price_brutto-item\" tabindex=\"-1\"><\/div>\n","protected":false},"featured_media":7206,"template":"","meta":{"_acf_changed":false,"footnotes":""},"product_brand":[],"product_cat":[113,131],"product_tag":[],"class_list":{"0":"post-8705","1":"product","2":"type-product","3":"status-publish","4":"has-post-thumbnail","6":"product_cat-federation-fr","7":"product_cat-natation","9":"first","10":"outofstock","11":"taxable","12":"shipping-taxable","13":"purchasable","14":"product-type-simple"},"acf":[],"yoast_head":"<!-- This site is optimized with the Yoast SEO plugin v27.4 - https:\/\/yoast.com\/product\/yoast-seo-wordpress\/ -->\n<title>Bou\u00e9e de natation Pink L - Swiss Aquatics<\/title>\n<meta name=\"robots\" content=\"index, follow, max-snippet:-1, max-image-preview:large, max-video-preview:-1\" \/>\n<link rel=\"canonical\" href=\"https:\/\/www.swiss-aquatics.ch\/fr\/produkt\/bouee-de-natation-pink-l\/\" \/>\n<meta property=\"og:locale\" content=\"fr_FR\" \/>\n<meta property=\"og:type\" content=\"article\" \/>\n<meta property=\"og:title\" content=\"Bou\u00e9e de natation Pink L - Swiss Aquatics\" \/>\n<meta property=\"og:description\" content=\"Visibilit\u00e9 et espace de rangement pour le \/ la nageur \/ nageuse en eau libre, 28 litre, 37 x 72 cm\" \/>\n<meta property=\"og:url\" content=\"https:\/\/www.swiss-aquatics.ch\/fr\/produkt\/bouee-de-natation-pink-l\/\" \/>\n<meta property=\"og:site_name\" content=\"Swiss Aquatics\" \/>\n<meta property=\"article:modified_time\" content=\"2025-07-14T08:41:27+00:00\" \/>\n<meta property=\"og:image\" content=\"https:\/\/www.swiss-aquatics.ch\/wp-content\/uploads\/2020\/12\/DSC9062-scaled-e1608112206211.jpg\" \/>\n\t<meta property=\"og:image:width\" content=\"1432\" \/>\n\t<meta property=\"og:image:height\" content=\"1459\" \/>\n\t<meta property=\"og:image:type\" content=\"image\/jpeg\" \/>\n<meta name=\"twitter:card\" content=\"summary_large_image\" \/>\n<meta name=\"twitter:label1\" content=\"Dur\u00e9e de lecture estim\u00e9e\" \/>\n\t<meta name=\"twitter:data1\" content=\"1 minute\" \/>\n<script type=\"application\/ld+json\" class=\"yoast-schema-graph\">{\"@context\":\"https:\\\/\\\/schema.org\",\"@graph\":[{\"@type\":\"WebPage\",\"@id\":\"https:\\\/\\\/www.swiss-aquatics.ch\\\/fr\\\/produkt\\\/bouee-de-natation-pink-l\\\/\",\"url\":\"https:\\\/\\\/www.swiss-aquatics.ch\\\/fr\\\/produkt\\\/bouee-de-natation-pink-l\\\/\",\"name\":\"Bou\u00e9e de natation Pink L - Swiss Aquatics\",\"isPartOf\":{\"@id\":\"https:\\\/\\\/www.swiss-aquatics.ch\\\/fr\\\/#website\"},\"primaryImageOfPage\":{\"@id\":\"https:\\\/\\\/www.swiss-aquatics.ch\\\/fr\\\/produkt\\\/bouee-de-natation-pink-l\\\/#primaryimage\"},\"image\":{\"@id\":\"https:\\\/\\\/www.swiss-aquatics.ch\\\/fr\\\/produkt\\\/bouee-de-natation-pink-l\\\/#primaryimage\"},\"thumbnailUrl\":\"https:\\\/\\\/www.swiss-aquatics.ch\\\/wp-content\\\/uploads\\\/2020\\\/12\\\/DSC9062-scaled-e1608112206211.jpg\",\"datePublished\":\"2020-12-15T10:12:25+00:00\",\"dateModified\":\"2025-07-14T08:41:27+00:00\",\"breadcrumb\":{\"@id\":\"https:\\\/\\\/www.swiss-aquatics.ch\\\/fr\\\/produkt\\\/bouee-de-natation-pink-l\\\/#breadcrumb\"},\"inLanguage\":\"fr-FR\",\"potentialAction\":[{\"@type\":\"ReadAction\",\"target\":[\"https:\\\/\\\/www.swiss-aquatics.ch\\\/fr\\\/produkt\\\/bouee-de-natation-pink-l\\\/\"]}]},{\"@type\":\"ImageObject\",\"inLanguage\":\"fr-FR\",\"@id\":\"https:\\\/\\\/www.swiss-aquatics.ch\\\/fr\\\/produkt\\\/bouee-de-natation-pink-l\\\/#primaryimage\",\"url\":\"https:\\\/\\\/www.swiss-aquatics.ch\\\/wp-content\\\/uploads\\\/2020\\\/12\\\/DSC9062-scaled-e1608112206211.jpg\",\"contentUrl\":\"https:\\\/\\\/www.swiss-aquatics.ch\\\/wp-content\\\/uploads\\\/2020\\\/12\\\/DSC9062-scaled-e1608112206211.jpg\",\"width\":1432,\"height\":1459},{\"@type\":\"BreadcrumbList\",\"@id\":\"https:\\\/\\\/www.swiss-aquatics.ch\\\/fr\\\/produkt\\\/bouee-de-natation-pink-l\\\/#breadcrumb\",\"itemListElement\":[{\"@type\":\"ListItem\",\"position\":1,\"name\":\"Page d'accueil\",\"item\":\"https:\\\/\\\/www.swiss-aquatics.ch\\\/fr\\\/page-daccueil\\\/\"},{\"@type\":\"ListItem\",\"position\":2,\"name\":\"Shop\",\"item\":\"https:\\\/\\\/www.swiss-aquatics.ch\\\/fr\\\/shop\\\/\"},{\"@type\":\"ListItem\",\"position\":3,\"name\":\"Bou\u00e9e de natation Pink L\"}]},{\"@type\":\"WebSite\",\"@id\":\"https:\\\/\\\/www.swiss-aquatics.ch\\\/fr\\\/#website\",\"url\":\"https:\\\/\\\/www.swiss-aquatics.ch\\\/fr\\\/\",\"name\":\"Swiss Aquatics\",\"description\":\"\",\"publisher\":{\"@id\":\"https:\\\/\\\/www.swiss-aquatics.ch\\\/fr\\\/#organization\"},\"potentialAction\":[{\"@type\":\"SearchAction\",\"target\":{\"@type\":\"EntryPoint\",\"urlTemplate\":\"https:\\\/\\\/www.swiss-aquatics.ch\\\/fr\\\/?s={search_term_string}\"},\"query-input\":{\"@type\":\"PropertyValueSpecification\",\"valueRequired\":true,\"valueName\":\"search_term_string\"}}],\"inLanguage\":\"fr-FR\"},{\"@type\":\"Organization\",\"@id\":\"https:\\\/\\\/www.swiss-aquatics.ch\\\/fr\\\/#organization\",\"name\":\"Swiss Aquatics\",\"url\":\"https:\\\/\\\/www.swiss-aquatics.ch\\\/fr\\\/\",\"logo\":{\"@type\":\"ImageObject\",\"inLanguage\":\"fr-FR\",\"@id\":\"https:\\\/\\\/www.swiss-aquatics.ch\\\/fr\\\/#\\\/schema\\\/logo\\\/image\\\/\",\"url\":\"https:\\\/\\\/www.swiss-aquatics.ch\\\/wp-content\\\/uploads\\\/2020\\\/12\\\/logo.png\",\"contentUrl\":\"https:\\\/\\\/www.swiss-aquatics.ch\\\/wp-content\\\/uploads\\\/2020\\\/12\\\/logo.png\",\"width\":580,\"height\":58,\"caption\":\"Swiss Aquatics\"},\"image\":{\"@id\":\"https:\\\/\\\/www.swiss-aquatics.ch\\\/fr\\\/#\\\/schema\\\/logo\\\/image\\\/\"}}]}<\/script>\n<!-- \/ Yoast SEO plugin. -->","yoast_head_json":{"title":"Bou\u00e9e de natation Pink L - Swiss Aquatics","robots":{"index":"index","follow":"follow","max-snippet":"max-snippet:-1","max-image-preview":"max-image-preview:large","max-video-preview":"max-video-preview:-1"},"canonical":"https:\/\/www.swiss-aquatics.ch\/fr\/produkt\/bouee-de-natation-pink-l\/","og_locale":"fr_FR","og_type":"article","og_title":"Bou\u00e9e de natation Pink L - Swiss Aquatics","og_description":"Visibilit\u00e9 et espace de rangement pour le \/ la nageur \/ nageuse en eau libre, 28 litre, 37 x 72 cm","og_url":"https:\/\/www.swiss-aquatics.ch\/fr\/produkt\/bouee-de-natation-pink-l\/","og_site_name":"Swiss Aquatics","article_modified_time":"2025-07-14T08:41:27+00:00","og_image":[{"width":1432,"height":1459,"url":"https:\/\/www.swiss-aquatics.ch\/wp-content\/uploads\/2020\/12\/DSC9062-scaled-e1608112206211.jpg","type":"image\/jpeg"}],"twitter_card":"summary_large_image","twitter_misc":{"Dur\u00e9e de lecture estim\u00e9e":"1 minute"},"schema":{"@context":"https:\/\/schema.org","@graph":[{"@type":"WebPage","@id":"https:\/\/www.swiss-aquatics.ch\/fr\/produkt\/bouee-de-natation-pink-l\/","url":"https:\/\/www.swiss-aquatics.ch\/fr\/produkt\/bouee-de-natation-pink-l\/","name":"Bou\u00e9e de natation Pink L - Swiss Aquatics","isPartOf":{"@id":"https:\/\/www.swiss-aquatics.ch\/fr\/#website"},"primaryImageOfPage":{"@id":"https:\/\/www.swiss-aquatics.ch\/fr\/produkt\/bouee-de-natation-pink-l\/#primaryimage"},"image":{"@id":"https:\/\/www.swiss-aquatics.ch\/fr\/produkt\/bouee-de-natation-pink-l\/#primaryimage"},"thumbnailUrl":"https:\/\/www.swiss-aquatics.ch\/wp-content\/uploads\/2020\/12\/DSC9062-scaled-e1608112206211.jpg","datePublished":"2020-12-15T10:12:25+00:00","dateModified":"2025-07-14T08:41:27+00:00","breadcrumb":{"@id":"https:\/\/www.swiss-aquatics.ch\/fr\/produkt\/bouee-de-natation-pink-l\/#breadcrumb"},"inLanguage":"fr-FR","potentialAction":[{"@type":"ReadAction","target":["https:\/\/www.swiss-aquatics.ch\/fr\/produkt\/bouee-de-natation-pink-l\/"]}]},{"@type":"ImageObject","inLanguage":"fr-FR","@id":"https:\/\/www.swiss-aquatics.ch\/fr\/produkt\/bouee-de-natation-pink-l\/#primaryimage","url":"https:\/\/www.swiss-aquatics.ch\/wp-content\/uploads\/2020\/12\/DSC9062-scaled-e1608112206211.jpg","contentUrl":"https:\/\/www.swiss-aquatics.ch\/wp-content\/uploads\/2020\/12\/DSC9062-scaled-e1608112206211.jpg","width":1432,"height":1459},{"@type":"BreadcrumbList","@id":"https:\/\/www.swiss-aquatics.ch\/fr\/produkt\/bouee-de-natation-pink-l\/#breadcrumb","itemListElement":[{"@type":"ListItem","position":1,"name":"Page d'accueil","item":"https:\/\/www.swiss-aquatics.ch\/fr\/page-daccueil\/"},{"@type":"ListItem","position":2,"name":"Shop","item":"https:\/\/www.swiss-aquatics.ch\/fr\/shop\/"},{"@type":"ListItem","position":3,"name":"Bou\u00e9e de natation Pink L"}]},{"@type":"WebSite","@id":"https:\/\/www.swiss-aquatics.ch\/fr\/#website","url":"https:\/\/www.swiss-aquatics.ch\/fr\/","name":"Swiss Aquatics","description":"","publisher":{"@id":"https:\/\/www.swiss-aquatics.ch\/fr\/#organization"},"potentialAction":[{"@type":"SearchAction","target":{"@type":"EntryPoint","urlTemplate":"https:\/\/www.swiss-aquatics.ch\/fr\/?s={search_term_string}"},"query-input":{"@type":"PropertyValueSpecification","valueRequired":true,"valueName":"search_term_string"}}],"inLanguage":"fr-FR"},{"@type":"Organization","@id":"https:\/\/www.swiss-aquatics.ch\/fr\/#organization","name":"Swiss Aquatics","url":"https:\/\/www.swiss-aquatics.ch\/fr\/","logo":{"@type":"ImageObject","inLanguage":"fr-FR","@id":"https:\/\/www.swiss-aquatics.ch\/fr\/#\/schema\/logo\/image\/","url":"https:\/\/www.swiss-aquatics.ch\/wp-content\/uploads\/2020\/12\/logo.png","contentUrl":"https:\/\/www.swiss-aquatics.ch\/wp-content\/uploads\/2020\/12\/logo.png","width":580,"height":58,"caption":"Swiss Aquatics"},"image":{"@id":"https:\/\/www.swiss-aquatics.ch\/fr\/#\/schema\/logo\/image\/"}}]}},"_links":{"self":[{"href":"https:\/\/www.swiss-aquatics.ch\/fr\/wp-json\/wp\/v2\/product\/8705","targetHints":{"allow":["GET"]}}],"collection":[{"href":"https:\/\/www.swiss-aquatics.ch\/fr\/wp-json\/wp\/v2\/product"}],"about":[{"href":"https:\/\/www.swiss-aquatics.ch\/fr\/wp-json\/wp\/v2\/types\/product"}],"version-history":[{"count":3,"href":"https:\/\/www.swiss-aquatics.ch\/fr\/wp-json\/wp\/v2\/product\/8705\/revisions"}],"predecessor-version":[{"id":43880,"href":"https:\/\/www.swiss-aquatics.ch\/fr\/wp-json\/wp\/v2\/product\/8705\/revisions\/43880"}],"wp:featuredmedia":[{"embeddable":true,"href":"https:\/\/www.swiss-aquatics.ch\/fr\/wp-json\/wp\/v2\/media\/7206"}],"wp:attachment":[{"href":"https:\/\/www.swiss-aquatics.ch\/fr\/wp-json\/wp\/v2\/media?parent=8705"}],"wp:term":[{"taxonomy":"product_brand","embeddable":true,"href":"https:\/\/www.swiss-aquatics.ch\/fr\/wp-json\/wp\/v2\/product_brand?post=8705"},{"taxonomy":"product_cat","embeddable":true,"href":"https:\/\/www.swiss-aquatics.ch\/fr\/wp-json\/wp\/v2\/product_cat?post=8705"},{"taxonomy":"product_tag","embeddable":true,"href":"https:\/\/www.swiss-aquatics.ch\/fr\/wp-json\/wp\/v2\/product_tag?post=8705"}],"curies":[{"name":"wp","href":"https:\/\/api.w.org\/{rel}","templated":true}]}}