{"id":90287,"date":"2025-08-15T16:24:12","date_gmt":"2025-08-15T14:24:12","guid":{"rendered":"https:\/\/www.swiss-aquatics.ch\/?post_type=product&#038;p=90287"},"modified":"2025-11-17T21:52:05","modified_gmt":"2025-11-17T20:52:05","slug":"restube-bouee-de-natation-pro-customized-by-swiss-aquatics-bpa-sss","status":"publish","type":"product","link":"https:\/\/www.swiss-aquatics.ch\/fr\/produkt\/restube-bouee-de-natation-pro-customized-by-swiss-aquatics-bpa-sss\/","title":{"rendered":"RESTUBE Bou\u00e9e de natation pro personnalis\u00e9e par Swiss Aquatics, le BPA &#038; la SSS"},"content":{"rendered":"<p>&nbsp;<\/p>\n<h3>Pour la flottabilit\u00e9, la visibilit\u00e9 et un espace de rangement int\u00e9gr\u00e9<\/h3>\n<ul>\n<li>Pour tous ceux qui veulent se d\u00e9placer librement dans l&rsquo;eau, sans risque<\/li>\n<li>La bou\u00e9e de natation Pro de RESTUBE est votre compagnon fiable pour la natation, l&rsquo;entra\u00eenement en eau libre ou le triathlon.<\/li>\n<li>Ultra-l\u00e9g\u00e8re, gonflable et r\u00e9utilisable, elle est exactement ce dont vous avez besoin pour vous concentrer sur l&rsquo;essentiel : votre exp\u00e9rience dans l&rsquo;eau<\/li>\n<li>Elle offre une visibilit\u00e9 suppl\u00e9mentaire, une flottabilit\u00e9 en cas d&rsquo;urgence et un espace de rangement pour vos objets de valeur.<\/li>\n<li>Compartiment sec pratique pour les objets de valeur, les v\u00eatements, etc. (12 l)<\/li>\n<li>Chambre \u00e0 air avec une flottabilit\u00e9 de 125 N (12,5 kg)<\/li>\n<li>Avec point de s\u00e9paration : il peut arriver que vous souhaitiez vous s\u00e9parer de votre Restube en quelques secondes. Par exemple, parce que la corde s&rsquo;est accroch\u00e9e \u00e0 une pierre \u2013 les rivi\u00e8res pr\u00e9sentent un risque \u00e0 cet \u00e9gard. Tu peux ouvrir la ceinture autour de ta taille en un clic et te s\u00e9parer compl\u00e8tement du Restube. Si cela n&rsquo;est pas possible, le point de rupture pr\u00e9d\u00e9termin\u00e9 te sera utile, car il s\u00e9pare automatiquement la bou\u00e9e Restube de la corde \u00e0 partir d&rsquo;une traction de 15 kg.<\/li>\n<\/ul>\n","protected":false},"excerpt":{"rendered":"<p>La bou\u00e9e de natation Pro de RESTUBE avec point de s\u00e9paration est votre compagnon fiable pour la natation, l&rsquo;entra\u00eenement en eau libre ou le triathlon.<\/p>\n","protected":false},"featured_media":90282,"template":"","meta":{"_acf_changed":false,"footnotes":""},"product_brand":[],"product_cat":[113,131],"product_tag":[],"class_list":{"0":"post-90287","1":"product","2":"type-product","3":"status-publish","4":"has-post-thumbnail","6":"product_cat-federation-fr","7":"product_cat-natation","9":"first","10":"instock","11":"taxable","12":"shipping-taxable","13":"purchasable","14":"product-type-simple"},"acf":[],"yoast_head":"<!-- This site is optimized with the Yoast SEO plugin v27.4 - https:\/\/yoast.com\/product\/yoast-seo-wordpress\/ -->\n<title>RESTUBE Bou\u00e9e de natation pro personnalis\u00e9e par Swiss Aquatics, le BPA &amp; la SSS - Swiss Aquatics<\/title>\n<meta name=\"robots\" content=\"index, follow, max-snippet:-1, max-image-preview:large, max-video-preview:-1\" \/>\n<link rel=\"canonical\" href=\"https:\/\/www.swiss-aquatics.ch\/fr\/produkt\/restube-bouee-de-natation-pro-customized-by-swiss-aquatics-bpa-sss\/\" \/>\n<meta property=\"og:locale\" content=\"fr_FR\" \/>\n<meta property=\"og:type\" content=\"article\" \/>\n<meta property=\"og:title\" content=\"RESTUBE Bou\u00e9e de natation pro personnalis\u00e9e par Swiss Aquatics, le BPA &amp; la SSS - Swiss Aquatics\" \/>\n<meta property=\"og:description\" content=\"La bou\u00e9e de natation Pro de RESTUBE avec point de s\u00e9paration est votre compagnon fiable pour la natation, l&#039;entra\u00eenement en eau libre ou le triathlon.\" \/>\n<meta property=\"og:url\" content=\"https:\/\/www.swiss-aquatics.ch\/fr\/produkt\/restube-bouee-de-natation-pro-customized-by-swiss-aquatics-bpa-sss\/\" \/>\n<meta property=\"og:site_name\" content=\"Swiss Aquatics\" \/>\n<meta property=\"article:modified_time\" content=\"2025-11-17T20:52:05+00:00\" \/>\n<meta property=\"og:image\" content=\"https:\/\/www.swiss-aquatics.ch\/wp-content\/uploads\/2025\/08\/20250814_210033_2-scaled.jpg\" \/>\n\t<meta property=\"og:image:width\" content=\"1441\" \/>\n\t<meta property=\"og:image:height\" content=\"2560\" \/>\n\t<meta property=\"og:image:type\" content=\"image\/jpeg\" \/>\n<meta name=\"twitter:card\" content=\"summary_large_image\" \/>\n<meta name=\"twitter:label1\" content=\"Dur\u00e9e de lecture estim\u00e9e\" \/>\n\t<meta name=\"twitter:data1\" content=\"2 minutes\" \/>\n<script type=\"application\/ld+json\" class=\"yoast-schema-graph\">{\"@context\":\"https:\\\/\\\/schema.org\",\"@graph\":[{\"@type\":\"WebPage\",\"@id\":\"https:\\\/\\\/www.swiss-aquatics.ch\\\/fr\\\/produkt\\\/restube-bouee-de-natation-pro-customized-by-swiss-aquatics-bpa-sss\\\/\",\"url\":\"https:\\\/\\\/www.swiss-aquatics.ch\\\/fr\\\/produkt\\\/restube-bouee-de-natation-pro-customized-by-swiss-aquatics-bpa-sss\\\/\",\"name\":\"RESTUBE Bou\u00e9e de natation pro personnalis\u00e9e par Swiss Aquatics, le BPA & la SSS - Swiss Aquatics\",\"isPartOf\":{\"@id\":\"https:\\\/\\\/www.swiss-aquatics.ch\\\/fr\\\/#website\"},\"primaryImageOfPage\":{\"@id\":\"https:\\\/\\\/www.swiss-aquatics.ch\\\/fr\\\/produkt\\\/restube-bouee-de-natation-pro-customized-by-swiss-aquatics-bpa-sss\\\/#primaryimage\"},\"image\":{\"@id\":\"https:\\\/\\\/www.swiss-aquatics.ch\\\/fr\\\/produkt\\\/restube-bouee-de-natation-pro-customized-by-swiss-aquatics-bpa-sss\\\/#primaryimage\"},\"thumbnailUrl\":\"https:\\\/\\\/www.swiss-aquatics.ch\\\/wp-content\\\/uploads\\\/2025\\\/08\\\/20250814_210033_2-scaled.jpg\",\"datePublished\":\"2025-08-15T14:24:12+00:00\",\"dateModified\":\"2025-11-17T20:52:05+00:00\",\"breadcrumb\":{\"@id\":\"https:\\\/\\\/www.swiss-aquatics.ch\\\/fr\\\/produkt\\\/restube-bouee-de-natation-pro-customized-by-swiss-aquatics-bpa-sss\\\/#breadcrumb\"},\"inLanguage\":\"fr-FR\",\"potentialAction\":[{\"@type\":\"ReadAction\",\"target\":[\"https:\\\/\\\/www.swiss-aquatics.ch\\\/fr\\\/produkt\\\/restube-bouee-de-natation-pro-customized-by-swiss-aquatics-bpa-sss\\\/\"]}]},{\"@type\":\"ImageObject\",\"inLanguage\":\"fr-FR\",\"@id\":\"https:\\\/\\\/www.swiss-aquatics.ch\\\/fr\\\/produkt\\\/restube-bouee-de-natation-pro-customized-by-swiss-aquatics-bpa-sss\\\/#primaryimage\",\"url\":\"https:\\\/\\\/www.swiss-aquatics.ch\\\/wp-content\\\/uploads\\\/2025\\\/08\\\/20250814_210033_2-scaled.jpg\",\"contentUrl\":\"https:\\\/\\\/www.swiss-aquatics.ch\\\/wp-content\\\/uploads\\\/2025\\\/08\\\/20250814_210033_2-scaled.jpg\",\"width\":1441,\"height\":2560},{\"@type\":\"BreadcrumbList\",\"@id\":\"https:\\\/\\\/www.swiss-aquatics.ch\\\/fr\\\/produkt\\\/restube-bouee-de-natation-pro-customized-by-swiss-aquatics-bpa-sss\\\/#breadcrumb\",\"itemListElement\":[{\"@type\":\"ListItem\",\"position\":1,\"name\":\"Page d'accueil\",\"item\":\"https:\\\/\\\/www.swiss-aquatics.ch\\\/fr\\\/page-daccueil\\\/\"},{\"@type\":\"ListItem\",\"position\":2,\"name\":\"Shop\",\"item\":\"https:\\\/\\\/www.swiss-aquatics.ch\\\/fr\\\/shop\\\/\"},{\"@type\":\"ListItem\",\"position\":3,\"name\":\"RESTUBE Bou\u00e9e de natation pro personnalis\u00e9e par Swiss Aquatics, le BPA &#038; la SSS\"}]},{\"@type\":\"WebSite\",\"@id\":\"https:\\\/\\\/www.swiss-aquatics.ch\\\/fr\\\/#website\",\"url\":\"https:\\\/\\\/www.swiss-aquatics.ch\\\/fr\\\/\",\"name\":\"Swiss Aquatics\",\"description\":\"\",\"publisher\":{\"@id\":\"https:\\\/\\\/www.swiss-aquatics.ch\\\/fr\\\/#organization\"},\"potentialAction\":[{\"@type\":\"SearchAction\",\"target\":{\"@type\":\"EntryPoint\",\"urlTemplate\":\"https:\\\/\\\/www.swiss-aquatics.ch\\\/fr\\\/?s={search_term_string}\"},\"query-input\":{\"@type\":\"PropertyValueSpecification\",\"valueRequired\":true,\"valueName\":\"search_term_string\"}}],\"inLanguage\":\"fr-FR\"},{\"@type\":\"Organization\",\"@id\":\"https:\\\/\\\/www.swiss-aquatics.ch\\\/fr\\\/#organization\",\"name\":\"Swiss Aquatics\",\"url\":\"https:\\\/\\\/www.swiss-aquatics.ch\\\/fr\\\/\",\"logo\":{\"@type\":\"ImageObject\",\"inLanguage\":\"fr-FR\",\"@id\":\"https:\\\/\\\/www.swiss-aquatics.ch\\\/fr\\\/#\\\/schema\\\/logo\\\/image\\\/\",\"url\":\"https:\\\/\\\/www.swiss-aquatics.ch\\\/wp-content\\\/uploads\\\/2020\\\/12\\\/logo.png\",\"contentUrl\":\"https:\\\/\\\/www.swiss-aquatics.ch\\\/wp-content\\\/uploads\\\/2020\\\/12\\\/logo.png\",\"width\":580,\"height\":58,\"caption\":\"Swiss Aquatics\"},\"image\":{\"@id\":\"https:\\\/\\\/www.swiss-aquatics.ch\\\/fr\\\/#\\\/schema\\\/logo\\\/image\\\/\"}}]}<\/script>\n<!-- \/ Yoast SEO plugin. -->","yoast_head_json":{"title":"RESTUBE Bou\u00e9e de natation pro personnalis\u00e9e par Swiss Aquatics, le BPA & la SSS - Swiss Aquatics","robots":{"index":"index","follow":"follow","max-snippet":"max-snippet:-1","max-image-preview":"max-image-preview:large","max-video-preview":"max-video-preview:-1"},"canonical":"https:\/\/www.swiss-aquatics.ch\/fr\/produkt\/restube-bouee-de-natation-pro-customized-by-swiss-aquatics-bpa-sss\/","og_locale":"fr_FR","og_type":"article","og_title":"RESTUBE Bou\u00e9e de natation pro personnalis\u00e9e par Swiss Aquatics, le BPA & la SSS - Swiss Aquatics","og_description":"La bou\u00e9e de natation Pro de RESTUBE avec point de s\u00e9paration est votre compagnon fiable pour la natation, l'entra\u00eenement en eau libre ou le triathlon.","og_url":"https:\/\/www.swiss-aquatics.ch\/fr\/produkt\/restube-bouee-de-natation-pro-customized-by-swiss-aquatics-bpa-sss\/","og_site_name":"Swiss Aquatics","article_modified_time":"2025-11-17T20:52:05+00:00","og_image":[{"width":1441,"height":2560,"url":"https:\/\/www.swiss-aquatics.ch\/wp-content\/uploads\/2025\/08\/20250814_210033_2-scaled.jpg","type":"image\/jpeg"}],"twitter_card":"summary_large_image","twitter_misc":{"Dur\u00e9e de lecture estim\u00e9e":"2 minutes"},"schema":{"@context":"https:\/\/schema.org","@graph":[{"@type":"WebPage","@id":"https:\/\/www.swiss-aquatics.ch\/fr\/produkt\/restube-bouee-de-natation-pro-customized-by-swiss-aquatics-bpa-sss\/","url":"https:\/\/www.swiss-aquatics.ch\/fr\/produkt\/restube-bouee-de-natation-pro-customized-by-swiss-aquatics-bpa-sss\/","name":"RESTUBE Bou\u00e9e de natation pro personnalis\u00e9e par Swiss Aquatics, le BPA & la SSS - Swiss Aquatics","isPartOf":{"@id":"https:\/\/www.swiss-aquatics.ch\/fr\/#website"},"primaryImageOfPage":{"@id":"https:\/\/www.swiss-aquatics.ch\/fr\/produkt\/restube-bouee-de-natation-pro-customized-by-swiss-aquatics-bpa-sss\/#primaryimage"},"image":{"@id":"https:\/\/www.swiss-aquatics.ch\/fr\/produkt\/restube-bouee-de-natation-pro-customized-by-swiss-aquatics-bpa-sss\/#primaryimage"},"thumbnailUrl":"https:\/\/www.swiss-aquatics.ch\/wp-content\/uploads\/2025\/08\/20250814_210033_2-scaled.jpg","datePublished":"2025-08-15T14:24:12+00:00","dateModified":"2025-11-17T20:52:05+00:00","breadcrumb":{"@id":"https:\/\/www.swiss-aquatics.ch\/fr\/produkt\/restube-bouee-de-natation-pro-customized-by-swiss-aquatics-bpa-sss\/#breadcrumb"},"inLanguage":"fr-FR","potentialAction":[{"@type":"ReadAction","target":["https:\/\/www.swiss-aquatics.ch\/fr\/produkt\/restube-bouee-de-natation-pro-customized-by-swiss-aquatics-bpa-sss\/"]}]},{"@type":"ImageObject","inLanguage":"fr-FR","@id":"https:\/\/www.swiss-aquatics.ch\/fr\/produkt\/restube-bouee-de-natation-pro-customized-by-swiss-aquatics-bpa-sss\/#primaryimage","url":"https:\/\/www.swiss-aquatics.ch\/wp-content\/uploads\/2025\/08\/20250814_210033_2-scaled.jpg","contentUrl":"https:\/\/www.swiss-aquatics.ch\/wp-content\/uploads\/2025\/08\/20250814_210033_2-scaled.jpg","width":1441,"height":2560},{"@type":"BreadcrumbList","@id":"https:\/\/www.swiss-aquatics.ch\/fr\/produkt\/restube-bouee-de-natation-pro-customized-by-swiss-aquatics-bpa-sss\/#breadcrumb","itemListElement":[{"@type":"ListItem","position":1,"name":"Page d'accueil","item":"https:\/\/www.swiss-aquatics.ch\/fr\/page-daccueil\/"},{"@type":"ListItem","position":2,"name":"Shop","item":"https:\/\/www.swiss-aquatics.ch\/fr\/shop\/"},{"@type":"ListItem","position":3,"name":"RESTUBE Bou\u00e9e de natation pro personnalis\u00e9e par Swiss Aquatics, le BPA &#038; la SSS"}]},{"@type":"WebSite","@id":"https:\/\/www.swiss-aquatics.ch\/fr\/#website","url":"https:\/\/www.swiss-aquatics.ch\/fr\/","name":"Swiss Aquatics","description":"","publisher":{"@id":"https:\/\/www.swiss-aquatics.ch\/fr\/#organization"},"potentialAction":[{"@type":"SearchAction","target":{"@type":"EntryPoint","urlTemplate":"https:\/\/www.swiss-aquatics.ch\/fr\/?s={search_term_string}"},"query-input":{"@type":"PropertyValueSpecification","valueRequired":true,"valueName":"search_term_string"}}],"inLanguage":"fr-FR"},{"@type":"Organization","@id":"https:\/\/www.swiss-aquatics.ch\/fr\/#organization","name":"Swiss Aquatics","url":"https:\/\/www.swiss-aquatics.ch\/fr\/","logo":{"@type":"ImageObject","inLanguage":"fr-FR","@id":"https:\/\/www.swiss-aquatics.ch\/fr\/#\/schema\/logo\/image\/","url":"https:\/\/www.swiss-aquatics.ch\/wp-content\/uploads\/2020\/12\/logo.png","contentUrl":"https:\/\/www.swiss-aquatics.ch\/wp-content\/uploads\/2020\/12\/logo.png","width":580,"height":58,"caption":"Swiss Aquatics"},"image":{"@id":"https:\/\/www.swiss-aquatics.ch\/fr\/#\/schema\/logo\/image\/"}}]}},"_links":{"self":[{"href":"https:\/\/www.swiss-aquatics.ch\/fr\/wp-json\/wp\/v2\/product\/90287","targetHints":{"allow":["GET"]}}],"collection":[{"href":"https:\/\/www.swiss-aquatics.ch\/fr\/wp-json\/wp\/v2\/product"}],"about":[{"href":"https:\/\/www.swiss-aquatics.ch\/fr\/wp-json\/wp\/v2\/types\/product"}],"version-history":[{"count":4,"href":"https:\/\/www.swiss-aquatics.ch\/fr\/wp-json\/wp\/v2\/product\/90287\/revisions"}],"predecessor-version":[{"id":90315,"href":"https:\/\/www.swiss-aquatics.ch\/fr\/wp-json\/wp\/v2\/product\/90287\/revisions\/90315"}],"wp:featuredmedia":[{"embeddable":true,"href":"https:\/\/www.swiss-aquatics.ch\/fr\/wp-json\/wp\/v2\/media\/90282"}],"wp:attachment":[{"href":"https:\/\/www.swiss-aquatics.ch\/fr\/wp-json\/wp\/v2\/media?parent=90287"}],"wp:term":[{"taxonomy":"product_brand","embeddable":true,"href":"https:\/\/www.swiss-aquatics.ch\/fr\/wp-json\/wp\/v2\/product_brand?post=90287"},{"taxonomy":"product_cat","embeddable":true,"href":"https:\/\/www.swiss-aquatics.ch\/fr\/wp-json\/wp\/v2\/product_cat?post=90287"},{"taxonomy":"product_tag","embeddable":true,"href":"https:\/\/www.swiss-aquatics.ch\/fr\/wp-json\/wp\/v2\/product_tag?post=90287"}],"curies":[{"name":"wp","href":"https:\/\/api.w.org\/{rel}","templated":true}]}}